{"id":5719,"date":"2025-06-19T11:25:42","date_gmt":"2025-06-19T09:25:42","guid":{"rendered":"https:\/\/blog.holyart.it\/pt\/?page_id=5719"},"modified":"2025-08-08T15:51:42","modified_gmt":"2025-08-08T13:51:42","slug":"privacy-policy","status":"publish","type":"page","link":"https:\/\/blog.holyart.it\/pt\/privacy-policy\/","title":{"rendered":"Privacy Policy"},"content":{"rendered":"<p><span style=\"font-weight: 400;\">O Respons\u00e1vel pelo Tratamento de Dados deste site \u00e9 a sociedade<\/span><\/p>\n<p><b>Pulcranet S.r.l.<\/b><span style=\"font-weight: 400;\"> (NIF 03094930363), Via Martiniana 325\/B, 41126, Modena, It\u00e1lia, com DPO (Encarregado da Prote\u00e7\u00e3o de Dados) contact\u00e1vel atrav\u00e9s do seguinte e-mail: <\/span><a href=\"mailto:dpo@holyart.it\"><span style=\"font-weight: 400;\">dpo@holyart.it<\/span><\/a><\/p>\n<p><span style=\"font-weight: 400;\">A empresa fornece esta informa\u00e7\u00e3o nos termos dos artigos 12.\u00b0 e 13.\u00b0 do novo Regulamento da UE 2016\/679 (conhecido como \u201cRGPD\u201d) e do Decreto Legislativo 101\/2018, descrevendo os m\u00e9todos de tratamento dos dados pessoais dos utilizadores que visitam este site acess\u00edvel online no seguinte endere\u00e7o:<\/span><\/p>\n<p><a href=\"https:\/\/www.holyart.it\/blog\/\"><span style=\"font-weight: 400;\">https:\/\/www.holyart.pt\/blog\/<\/span><\/a><span style=\"font-weight: 400;\"> (ou qualquer outro correspondente \u00e0 p\u00e1gina inicial do Blog).<\/span><\/p>\n<p><b>No que diz respeito \u00e0 pol\u00edtica de privacidade da loja online acess\u00edvel a partir do Blog, remete-se para a pol\u00edtica dispon\u00edvel na seguinte liga\u00e7\u00e3o:<\/b><a href=\"https:\/\/www.holyart.it\/it\/privacy-policy\"> <span style=\"font-weight: 400;\">https:\/\/www.holyart.pt\/privacy-policy<\/span><span style=\"font-weight: 400;\"><br \/>\n<\/span><\/a><\/p>\n<p><span style=\"font-weight: 400;\">Esta pol\u00edtica \u00e9 v\u00e1lida exclusivamente para o site acima indicado, e n\u00e3o para outros sites eventualmente consultados atrav\u00e9s de liga\u00e7\u00f5es presentes na plataforma.<\/span><\/p>\n<p><b>Tipo de dados tratados.<\/b><span style=\"font-weight: 400;\"> i) Dados pessoais e de contacto (nome e apelido, endere\u00e7o de e-mail, n\u00famero de telefone); ii) dados de navega\u00e7\u00e3o, endere\u00e7o IP e navega\u00e7\u00e3o no site, prefer\u00eancias declaradas (categorias de produtos preferidas, incluindo dados que se enquadram nas categorias especiais de dados pessoais conforme o artigo 9.\u00b0 do RGPD, ou seja dados indiretamente relacionados com cren\u00e7as religiosas).<\/span><\/p>\n<p><b>Categorias de titulares de dados. <\/b><span style=\"font-weight: 400;\">Utilizadores do blog.<\/span><\/p>\n<p><b>Natureza do tratamento.<\/b><span style=\"font-weight: 400;\"> Recolha, registo, organiza\u00e7\u00e3o, estrutura\u00e7\u00e3o, conserva\u00e7\u00e3o, adapta\u00e7\u00e3o ou altera\u00e7\u00e3o, recupera\u00e7\u00e3o, consulta, utiliza\u00e7\u00e3o, comunica\u00e7\u00e3o por transmiss\u00e3o, compara\u00e7\u00e3o ou interliga\u00e7\u00e3o, limita\u00e7\u00e3o, apagamento ou destrui\u00e7\u00e3o.<\/span><\/p>\n<p><b>Finalidade do Tratamento dos Dados recolhidos.<\/b><span style=\"font-weight: 400;\"> Os dados do utilizador s\u00e3o recolhidos para permitir ao Respons\u00e1vel prestar os seus servi\u00e7os, bem como para as seguintes finalidades: Aplica\u00e7\u00f5es Sociais, Intera\u00e7\u00e3o com redes sociais e plataformas externas, Publicidade, Estat\u00edsticas, Gest\u00e3o de endere\u00e7os e envio de e-mails, Programas de afiliados, Gest\u00e3o de feeds RSS, Contacto com o Utilizador, Gest\u00e3o de pagamentos, Monitoriza\u00e7\u00e3o da infraestrutura, visualiza\u00e7\u00e3o de conte\u00fados de plataformas externas e coment\u00e1rios de conte\u00fado.<\/span><\/p>\n<p><b>Base legal.<\/b><span style=\"font-weight: 400;\"> O tratamento \u00e9 realizado com base nas condi\u00e7\u00f5es de licitude previstas no artigo 6.\u00b0 do RGPD, em fun\u00e7\u00e3o da rela\u00e7\u00e3o estabelecida com o Respons\u00e1vel. Assim, a base legal aplic\u00e1vel aos dados indicados no ponto (i), nos termos do artigo 13.\u00b0, al\u00ednea c) do RGPD, justifica-se pelas raz\u00f5es pelas quais a rela\u00e7\u00e3o com o Respons\u00e1vel \u00e9 iniciada, nomeadamente pela navega\u00e7\u00e3o no site e\/ou preenchimento de formul\u00e1rios e pedidos de informa\u00e7\u00e3o ou servi\u00e7os. Bases legais:<\/span><\/p>\n<ol start=\"6\">\n<li><span style=\"font-weight: 400;\"><br \/>\n<\/span><span style=\"font-weight: 400;\"> a) consentimento do titular dos dados (art. 6.\u00ba, n.\u00ba 1, al\u00ednea a) do RGPD) (marketing, perfilagem via cookies);<\/span><span style=\"font-weight: 400;\"><br \/>\n<\/span><span style=\"font-weight: 400;\"> b) execu\u00e7\u00e3o de contrato (art. 6.\u00ba, n.\u00ba 1, al\u00ednea b) do RGPD) (compra);<\/span><span style=\"font-weight: 400;\"><br \/>\n<\/span><span style=\"font-weight: 400;\"> c) cumprimento de obriga\u00e7\u00e3o legal a que o Respons\u00e1vel esteja sujeito (art. 6.\u00ba, n.\u00ba 1, al\u00ednea c) do RGPD) (ex. fatura\u00e7\u00e3o);<\/span><span style=\"font-weight: 400;\"><br \/>\n<\/span><span style=\"font-weight: 400;\"> d) interesse leg\u00edtimo do Respons\u00e1vel (art. 6.\u00ba, n.\u00ba 1, al\u00ednea f) do RGPD) (soft spam e\/ou prote\u00e7\u00e3o da plataforma e do pr\u00f3prio Respons\u00e1vel).<\/span><\/li>\n<\/ol>\n<p><b>Modo de tratamento.<\/b><span style=\"font-weight: 400;\"> O tratamento ser\u00e1 realizado em formato f\u00edsico e\/ou eletr\u00f3nico por pessoas devidamente autorizadas. N\u00e3o \u00e9 realizado qualquer tratamento com base em decis\u00f5es automatizadas. A disponibiliza\u00e7\u00e3o dos dados \u00e9 opcional; no entanto, a sua omiss\u00e3o poder\u00e1 impedir a presta\u00e7\u00e3o dos servi\u00e7os. Certos dados de navega\u00e7\u00e3o (ver a nossa pol\u00edtica de cookies) s\u00e3o recolhidos automaticamente pelo sistema. O tratamento dos dados fornecidos ao Respons\u00e1vel poder\u00e1 incluir: gest\u00e3o, organiza\u00e7\u00e3o, utiliza\u00e7\u00e3o, conserva\u00e7\u00e3o, cria\u00e7\u00e3o de base de dados, tratamento em todo o territ\u00f3rio da UE e fora da UE (pa\u00edses abrangidos pelos artigos 45.\u00b0 e 46.\u00b0 do RGPD), elabora\u00e7\u00e3o de estat\u00edsticas, comunica\u00e7\u00e3o com parceiros que colaboram em iniciativas \u2013 estes parceiros ser\u00e3o nomeados como subcontratantes nos termos do artigo 28.\u00ba do RGPD, como respons\u00e1veis conjuntos ou como respons\u00e1veis aut\u00f3nomos, caso lhes sejam transmitidos dados pessoais. O tratamento poder\u00e1 incluir tamb\u00e9m o envio de informa\u00e7\u00f5es sobre futuras iniciativas e materiais promocionais.<\/span><\/p>\n<p><b>Direitos dos titulares dos dados.<\/b><span style=\"font-weight: 400;\"> O Respons\u00e1vel informa ainda que est\u00e3o garantidos os seguintes direitos: direito de retifica\u00e7\u00e3o (art. 16.\u00ba RGPD), direito ao apagamento (\u201cdireito a ser esquecido\u201d, art. 17.\u00ba RGPD), direito \u00e0 limita\u00e7\u00e3o do tratamento (art. 18.\u00ba RGPD) e direito de acesso aos dados pessoais fornecidos e \u00e0s informa\u00e7\u00f5es indicadas no art. 15.\u00ba RGPD. Os titulares dos dados t\u00eam ainda direito a:<\/span><\/p>\n<ol>\n<li style=\"font-weight: 400;\" aria-level=\"1\"><span style=\"font-weight: 400;\">Solicitar ao Respons\u00e1vel o acesso, a retifica\u00e7\u00e3o ou o apagamento dos seus dados pessoais, ou a limita\u00e7\u00e3o do tratamento;<\/span><span style=\"font-weight: 400;\">\n<p><\/span><\/li>\n<li style=\"font-weight: 400;\" aria-level=\"1\"><span style=\"font-weight: 400;\">Opor-se ao tratamento;<\/span><span style=\"font-weight: 400;\">\n<p><\/span><\/li>\n<li style=\"font-weight: 400;\" aria-level=\"1\"><span style=\"font-weight: 400;\">Portabilidade dos dados, nos termos do art. 20.\u00ba RGPD;<\/span><span style=\"font-weight: 400;\">\n<p><\/span><\/li>\n<li style=\"font-weight: 400;\" aria-level=\"1\"><span style=\"font-weight: 400;\">Revogar o consentimento, se o tratamento tiver por base o art. 6.\u00ba, n.\u00ba 1, al. a), ou o art. 9.\u00ba, n.\u00ba 2, al. a), a qualquer momento, sem comprometer a legalidade do tratamento realizado antes da revoga\u00e7\u00e3o;<\/span><span style=\"font-weight: 400;\">\n<p><\/span><\/li>\n<li style=\"font-weight: 400;\" aria-level=\"1\"><span style=\"font-weight: 400;\">Apresentar reclama\u00e7\u00e3o junto da autoridade de controlo competente.<\/span><span style=\"font-weight: 400;\">\n<p><\/span><\/li>\n<\/ol>\n<p><span style=\"font-weight: 400;\">Para exercer os direitos acima indicados ou solicitar mais informa\u00e7\u00f5es, basta enviar um e-mail para: <a href=\"mailto:info@holyart.it\">info@holyart.it<\/a> com o assunto \u201cexerc\u00edcio de direitos RGPD\u201d, especificando no corpo da mensagem o direito que pretende exercer, e incluindo nome, apelido e e-mail de resposta. O Respons\u00e1vel responder\u00e1 dentro do prazo previsto no art. 12.\u00ba do RGPD.<\/span><\/p>\n<p><span style=\"font-weight: 400;\">Em situa\u00e7\u00f5es espec\u00edficas, o Respons\u00e1vel poder\u00e1 fornecer pol\u00edticas adicionais acompanhadas dos respetivos pedidos de consentimento, de forma a permitir o tratamento. Caso o Respons\u00e1vel pretenda tratar os dados pessoais para finalidades diferentes daquelas para as quais foram recolhidos, fornecer\u00e1 previamente todas as informa\u00e7\u00f5es relevantes sobre a nova finalidade, e solicitar\u00e1 o consentimento, se aplic\u00e1vel.<\/span><\/p>\n<p><b>Conserva\u00e7\u00e3o dos dados.<\/b><span style=\"font-weight: 400;\"> Os dados pessoais ser\u00e3o armazenados durante o tempo necess\u00e1rio para atingir as finalidades para as quais foram recolhidos. O prazo de conserva\u00e7\u00e3o depende dessas finalidades e poder\u00e1 variar, ou seja durante todo o per\u00edodo em que o titular for cliente e por mais 5 anos, salvo consentimento expl\u00edcito para prolongar a reten\u00e7\u00e3o. Os dados pessoais necess\u00e1rios para cumprimento de obriga\u00e7\u00f5es legais e fiscais poder\u00e3o ser conservados por mais tempo, respeitando os prazos legais aplic\u00e1veis e para fins de defesa jur\u00eddica do Respons\u00e1vel.<\/span><\/p>\n<p><b>Cookies.<\/b><span style=\"font-weight: 400;\"> Um cookie \u00e9 um pequeno ficheiro de texto que um site armazena no disco r\u00edgido do dispositivo do utilizador. Os cookies identificam de forma \u00fanica o navegador do utilizador. N\u00e3o causam danos ao computador nem cont\u00eam v\u00edrus. Servem para facilitar a an\u00e1lise do tr\u00e1fego web ou indicar quando um site espec\u00edfico \u00e9 visitado, permitindo que aplica\u00e7\u00f5es web enviem informa\u00e7\u00f5es personalizadas aos utilizadores.<\/span><span style=\"font-weight: 400;\"><\/p>\n<p><\/span><\/p>\n<p><span style=\"font-weight: 400;\">O utilizador pode optar por apagar manualmente os cookies do seu dispositivo ou configurar o navegador para que os elimine automaticamente ao ser fechado.<\/span><span style=\"font-weight: 400;\"><\/p>\n<p><\/span><\/p>\n<p><i><span style=\"font-weight: 400;\">Para mais informa\u00e7\u00f5es, consulte a nossa pol\u00edtica de cookies.<\/span><\/i><\/p>\n<p><b>Envio de newsletters e marketing. <\/b><span style=\"font-weight: 400;\">Durante o per\u00edodo de conserva\u00e7\u00e3o dos dados, o Respons\u00e1vel reserva-se o direito \u2013 com base no seu interesse leg\u00edtimo \u2013 de enviar ofertas comerciais (soft marketing), ou comunica\u00e7\u00f5es de marketing direto se tiver sido dado o respetivo consentimento.<\/span><\/p>\n<p><b>Direitos de autor.<\/b><span style=\"font-weight: 400;\"> Todos os conte\u00fados deste site est\u00e3o protegidos pela legisla\u00e7\u00e3o sobre direitos de autor e propriedade intelectual. \u00c9 proibida a reprodu\u00e7\u00e3o, mesmo parcial, em qualquer forma. O Respons\u00e1vel n\u00e3o concede qualquer licen\u00e7a relativa a direitos de autor, patentes ou outros direitos de propriedade intelectual.<\/span><\/p>\n<p><b>Responsabilidade.<\/b><span style=\"font-weight: 400;\"> O conte\u00fado e as informa\u00e7\u00f5es do site poder\u00e3o ser alterados ou atualizados pelo Respons\u00e1vel sem aviso pr\u00e9vio.<\/span><\/p>\n<p><b>Aplica\u00e7\u00e3o da legisla\u00e7\u00e3o.<\/b><span style=\"font-weight: 400;\"> O Respons\u00e1vel atualiza regularmente esta pol\u00edtica de privacidade e, em geral, o cumprimento das normas de prote\u00e7\u00e3o de dados, de acordo com eventuais altera\u00e7\u00f5es legais. Para qualquer quest\u00e3o ou d\u00favida sobre esta pol\u00edtica, pode contactar-nos em qualquer momento atrav\u00e9s do e-mail: <a href=\"mailto:info@holyart.it\">info@holyart.it<\/a><\/span><\/p>\n<p><b>Reclama\u00e7\u00f5es.<\/b><span style=\"font-weight: 400;\"> Responderemos aos utilizadores que enviem quest\u00f5es e\/ou reclama\u00e7\u00f5es formais para o endere\u00e7o <a href=\"mailto:info@holyart.it\">info@holyart.it<\/a> a fim de analisar o problema relatado. Comprometemo-nos a colaborar com as autoridades competentes para resolver quaisquer reclama\u00e7\u00f5es sobre o tratamento de dados pessoais que n\u00e3o possam ser resolvidas diretamente entre o Respons\u00e1vel e os titulares dos dados.<\/span><\/p>\n","protected":false},"excerpt":{"rendered":"<p>O Respons\u00e1vel pelo Tratamento de Dados deste site \u00e9 a sociedade Pulcranet S.r.l. (NIF 03094930363), Via Martiniana 325\/B, 41126, Modena, It\u00e1lia, com DPO (Encarregado da Prote\u00e7\u00e3o de Dados) contact\u00e1vel atrav\u00e9s do seguinte e-mail: dpo@holyart.it A empresa fornece esta informa\u00e7\u00e3o nos termos dos artigos 12.\u00b0 e&hellip;<\/p>\n","protected":false},"author":1,"featured_media":0,"parent":0,"menu_order":0,"comment_status":"closed","ping_status":"closed","template":"","meta":{"_acf_changed":false,"footnotes":""},"class_list":["post-5719","page","type-page","status-publish","hentry"],"acf":[],"yoast_head":"<!-- This site is optimized with the Yoast SEO plugin v26.6 - https:\/\/yoast.com\/wordpress\/plugins\/seo\/ -->\n<title>Privacy Policy - Holyart.pt - Holyblog<\/title>\n<meta name=\"robots\" content=\"index, follow, max-snippet:-1, max-image-preview:large, max-video-preview:-1\" \/>\n<link rel=\"canonical\" href=\"https:\/\/blog.holyart.it\/pt\/privacy-policy\/\" \/>\n<meta property=\"og:locale\" content=\"pt_PT\" \/>\n<meta property=\"og:type\" content=\"article\" \/>\n<meta property=\"og:title\" content=\"Privacy Policy - Holyart.pt - Holyblog\" \/>\n<meta property=\"og:description\" content=\"O Respons\u00e1vel pelo Tratamento de Dados deste site \u00e9 a sociedade Pulcranet S.r.l. (NIF 03094930363), Via Martiniana 325\/B, 41126, Modena, It\u00e1lia, com DPO (Encarregado da Prote\u00e7\u00e3o de Dados) contact\u00e1vel atrav\u00e9s do seguinte e-mail: dpo@holyart.it A empresa fornece esta informa\u00e7\u00e3o nos termos dos artigos 12.\u00b0 e&hellip;\" \/>\n<meta property=\"og:url\" content=\"https:\/\/blog.holyart.it\/pt\/privacy-policy\/\" \/>\n<meta property=\"og:site_name\" content=\"Holyart.pt - Holyblog\" \/>\n<meta property=\"article:modified_time\" content=\"2025-08-08T13:51:42+00:00\" \/>\n<meta name=\"twitter:card\" content=\"summary_large_image\" \/>\n<meta name=\"twitter:label1\" content=\"Tempo estimado de leitura\" \/>\n\t<meta name=\"twitter:data1\" content=\"7 minutos\" \/>\n<script type=\"application\/ld+json\" class=\"yoast-schema-graph\">{\"@context\":\"https:\/\/schema.org\",\"@graph\":[{\"@type\":\"WebPage\",\"@id\":\"https:\/\/blog.holyart.it\/pt\/privacy-policy\/\",\"url\":\"https:\/\/blog.holyart.it\/pt\/privacy-policy\/\",\"name\":\"Privacy Policy - Holyart.pt - Holyblog\",\"isPartOf\":{\"@id\":\"https:\/\/blog.holyart.it\/pt\/#website\"},\"datePublished\":\"2025-06-19T09:25:42+00:00\",\"dateModified\":\"2025-08-08T13:51:42+00:00\",\"breadcrumb\":{\"@id\":\"https:\/\/blog.holyart.it\/pt\/privacy-policy\/#breadcrumb\"},\"inLanguage\":\"pt-PT\",\"potentialAction\":[{\"@type\":\"ReadAction\",\"target\":[\"https:\/\/blog.holyart.it\/pt\/privacy-policy\/\"]}]},{\"@type\":\"BreadcrumbList\",\"@id\":\"https:\/\/blog.holyart.it\/pt\/privacy-policy\/#breadcrumb\",\"itemListElement\":[{\"@type\":\"ListItem\",\"position\":1,\"name\":\"Homepage\",\"item\":\"https:\/\/blog.holyart.it\/pt\/\"},{\"@type\":\"ListItem\",\"position\":2,\"name\":\"Privacy Policy\"}]},{\"@type\":\"WebSite\",\"@id\":\"https:\/\/blog.holyart.it\/pt\/#website\",\"url\":\"https:\/\/blog.holyart.it\/pt\/\",\"name\":\"Holyart.pt - Holyblog\",\"description\":\"\",\"publisher\":{\"@id\":\"https:\/\/blog.holyart.it\/pt\/#organization\"},\"potentialAction\":[{\"@type\":\"SearchAction\",\"target\":{\"@type\":\"EntryPoint\",\"urlTemplate\":\"https:\/\/blog.holyart.it\/pt\/?s={search_term_string}\"},\"query-input\":{\"@type\":\"PropertyValueSpecification\",\"valueRequired\":true,\"valueName\":\"search_term_string\"}}],\"inLanguage\":\"pt-PT\"},{\"@type\":\"Organization\",\"@id\":\"https:\/\/blog.holyart.it\/pt\/#organization\",\"name\":\"Holyart.pt - Holyblog\",\"url\":\"https:\/\/blog.holyart.it\/pt\/\",\"logo\":{\"@type\":\"ImageObject\",\"inLanguage\":\"pt-PT\",\"@id\":\"https:\/\/blog.holyart.it\/pt\/#\/schema\/logo\/image\/\",\"url\":\"https:\/\/blog.holyart.it\/pt\/wp-content\/uploads\/sites\/18\/2022\/12\/Holyart_Blog_Logo.jpg\",\"contentUrl\":\"https:\/\/blog.holyart.it\/pt\/wp-content\/uploads\/sites\/18\/2022\/12\/Holyart_Blog_Logo.jpg\",\"width\":300,\"height\":50,\"caption\":\"Holyart.pt - Holyblog\"},\"image\":{\"@id\":\"https:\/\/blog.holyart.it\/pt\/#\/schema\/logo\/image\/\"}}]}<\/script>\n<!-- \/ Yoast SEO plugin. -->","yoast_head_json":{"title":"Privacy Policy - Holyart.pt - Holyblog","robots":{"index":"index","follow":"follow","max-snippet":"max-snippet:-1","max-image-preview":"max-image-preview:large","max-video-preview":"max-video-preview:-1"},"canonical":"https:\/\/blog.holyart.it\/pt\/privacy-policy\/","og_locale":"pt_PT","og_type":"article","og_title":"Privacy Policy - Holyart.pt - Holyblog","og_description":"O Respons\u00e1vel pelo Tratamento de Dados deste site \u00e9 a sociedade Pulcranet S.r.l. (NIF 03094930363), Via Martiniana 325\/B, 41126, Modena, It\u00e1lia, com DPO (Encarregado da Prote\u00e7\u00e3o de Dados) contact\u00e1vel atrav\u00e9s do seguinte e-mail: dpo@holyart.it A empresa fornece esta informa\u00e7\u00e3o nos termos dos artigos 12.\u00b0 e&hellip;","og_url":"https:\/\/blog.holyart.it\/pt\/privacy-policy\/","og_site_name":"Holyart.pt - Holyblog","article_modified_time":"2025-08-08T13:51:42+00:00","twitter_card":"summary_large_image","twitter_misc":{"Tempo estimado de leitura":"7 minutos"},"schema":{"@context":"https:\/\/schema.org","@graph":[{"@type":"WebPage","@id":"https:\/\/blog.holyart.it\/pt\/privacy-policy\/","url":"https:\/\/blog.holyart.it\/pt\/privacy-policy\/","name":"Privacy Policy - Holyart.pt - Holyblog","isPartOf":{"@id":"https:\/\/blog.holyart.it\/pt\/#website"},"datePublished":"2025-06-19T09:25:42+00:00","dateModified":"2025-08-08T13:51:42+00:00","breadcrumb":{"@id":"https:\/\/blog.holyart.it\/pt\/privacy-policy\/#breadcrumb"},"inLanguage":"pt-PT","potentialAction":[{"@type":"ReadAction","target":["https:\/\/blog.holyart.it\/pt\/privacy-policy\/"]}]},{"@type":"BreadcrumbList","@id":"https:\/\/blog.holyart.it\/pt\/privacy-policy\/#breadcrumb","itemListElement":[{"@type":"ListItem","position":1,"name":"Homepage","item":"https:\/\/blog.holyart.it\/pt\/"},{"@type":"ListItem","position":2,"name":"Privacy Policy"}]},{"@type":"WebSite","@id":"https:\/\/blog.holyart.it\/pt\/#website","url":"https:\/\/blog.holyart.it\/pt\/","name":"Holyart.pt - Holyblog","description":"","publisher":{"@id":"https:\/\/blog.holyart.it\/pt\/#organization"},"potentialAction":[{"@type":"SearchAction","target":{"@type":"EntryPoint","urlTemplate":"https:\/\/blog.holyart.it\/pt\/?s={search_term_string}"},"query-input":{"@type":"PropertyValueSpecification","valueRequired":true,"valueName":"search_term_string"}}],"inLanguage":"pt-PT"},{"@type":"Organization","@id":"https:\/\/blog.holyart.it\/pt\/#organization","name":"Holyart.pt - Holyblog","url":"https:\/\/blog.holyart.it\/pt\/","logo":{"@type":"ImageObject","inLanguage":"pt-PT","@id":"https:\/\/blog.holyart.it\/pt\/#\/schema\/logo\/image\/","url":"https:\/\/blog.holyart.it\/pt\/wp-content\/uploads\/sites\/18\/2022\/12\/Holyart_Blog_Logo.jpg","contentUrl":"https:\/\/blog.holyart.it\/pt\/wp-content\/uploads\/sites\/18\/2022\/12\/Holyart_Blog_Logo.jpg","width":300,"height":50,"caption":"Holyart.pt - Holyblog"},"image":{"@id":"https:\/\/blog.holyart.it\/pt\/#\/schema\/logo\/image\/"}}]}},"_links":{"self":[{"href":"https:\/\/blog.holyart.it\/pt\/wp-json\/wp\/v2\/pages\/5719","targetHints":{"allow":["GET"]}}],"collection":[{"href":"https:\/\/blog.holyart.it\/pt\/wp-json\/wp\/v2\/pages"}],"about":[{"href":"https:\/\/blog.holyart.it\/pt\/wp-json\/wp\/v2\/types\/page"}],"author":[{"embeddable":true,"href":"https:\/\/blog.holyart.it\/pt\/wp-json\/wp\/v2\/users\/1"}],"replies":[{"embeddable":true,"href":"https:\/\/blog.holyart.it\/pt\/wp-json\/wp\/v2\/comments?post=5719"}],"version-history":[{"count":2,"href":"https:\/\/blog.holyart.it\/pt\/wp-json\/wp\/v2\/pages\/5719\/revisions"}],"predecessor-version":[{"id":5937,"href":"https:\/\/blog.holyart.it\/pt\/wp-json\/wp\/v2\/pages\/5719\/revisions\/5937"}],"wp:attachment":[{"href":"https:\/\/blog.holyart.it\/pt\/wp-json\/wp\/v2\/media?parent=5719"}],"curies":[{"name":"wp","href":"https:\/\/api.w.org\/{rel}","templated":true}]}}