{"id":3519,"date":"2025-06-19T11:26:30","date_gmt":"2025-06-19T09:26:30","guid":{"rendered":"https:\/\/blog.holyart.it\/pl\/?page_id=3519"},"modified":"2025-08-08T15:48:44","modified_gmt":"2025-08-08T13:48:44","slug":"privacy-policy","status":"publish","type":"page","link":"https:\/\/blog.holyart.it\/pl\/privacy-policy\/","title":{"rendered":"Privacy Policy"},"content":{"rendered":"<p><b>Administratorem danych osobowych<\/b><span style=\"font-weight: 400;\"> tej strony jest<\/span><span style=\"font-weight: 400;\"><br \/>\n<\/span><span style=\"font-weight: 400;\"> Pulcranet S.r.l. (NIP: 03094930363), Via Martiniana 325\/B, 41126 Modena, W\u0142ochy, z inspektorem ochrony danych (IOD) dost\u0119pnym pod nast\u0119puj\u0105cym adresem e-mail: <a href=\"mailto:dpo@holyart.it\">dpo@holyart.it<\/a><\/span><span style=\"font-weight: 400;\"><br \/>\n<\/span><span style=\"font-weight: 400;\"> Sp\u00f3\u0142ka udost\u0119pnia niniejsz\u0105 informacj\u0119 zgodnie z art. 12 i 13 Rozporz\u0105dzenia UE 2016\/679 (tzw. \u201eRODO\u201d) oraz w\u0142oskiego dekretu ustawodawczego 101\/2018, opisuj\u0105c sposoby przetwarzania danych osobowych u\u017cytkownik\u00f3w odwiedzaj\u0105cych stron\u0119 internetow\u0105 dost\u0119pn\u0105 pod adresem:<\/span><span style=\"font-weight: 400;\"><br \/>\n<\/span><a href=\"https:\/\/www.holyart.it\/blog\/\"> <span style=\"font-weight: 400;\">https:\/\/www.holyart.pl\/blog\/<\/span><\/a><span style=\"font-weight: 400;\"> (lub odpowiadaj\u0105c\u0105 jej stron\u0105 g\u0142\u00f3wn\u0105 bloga).<\/span><span style=\"font-weight: 400;\"><br \/>\n<\/span><span style=\"font-weight: 400;\"> W odniesieniu do polityki prywatno\u015bci sklepu internetowego dost\u0119pnego z poziomu bloga, nale\u017cy zapozna\u0107 si\u0119 z polityk\u0105 dost\u0119pn\u0105 pod tym linkiem:<\/span><a href=\"https:\/\/www.holyart.it\/it\/privacy-policy\"> <span style=\"font-weight: 400;\">https:\/\/www.holyart.pl\/privacy-policy<\/span><span style=\"font-weight: 400;\"><br \/>\n<\/span><\/a><span style=\"font-weight: 400;\"> Niniejsza informacja dotyczy wy\u0142\u0105cznie tej strony i nie obejmuje innych witryn, do kt\u00f3rych u\u017cytkownik mo\u017ce przej\u015b\u0107 za pomoc\u0105 link\u00f3w dost\u0119pnych na stronie.<\/span><\/p>\n<p><b>Rodzaje przetwarzanych danych.<\/b><b><br \/>\n<\/b><span style=\"font-weight: 400;\"> i) Dane osobowe i kontaktowe (imi\u0119 i nazwisko, adres e-mail, numer telefonu);<\/span><span style=\"font-weight: 400;\"><br \/>\n<\/span><span style=\"font-weight: 400;\"> ii) Dane dotycz\u0105ce przegl\u0105dania strony, adres IP oraz zachowanie na stronie, preferencje (ulubione kategorie produkt\u00f3w, w tym dane szczeg\u00f3lne zgodnie z art. 9 RODO \u2013 np. dane po\u015brednio ujawniaj\u0105ce wyznanie religijne).<\/span><\/p>\n<p><b>Kategorie os\u00f3b, kt\u00f3rych dane dotycz\u0105.<\/b><b><br \/>\n<\/b><span style=\"font-weight: 400;\"> U\u017cytkownicy bloga.<\/span><\/p>\n<p><b>Charakter przetwarzania.<\/b><b><br \/>\n<\/b><span style=\"font-weight: 400;\"> Zbieranie, rejestrowanie, organizowanie, porz\u0105dkowanie, przechowywanie, adaptacja lub modyfikacja, wyszukiwanie, przegl\u0105danie, wykorzystywanie, udost\u0119pnianie poprzez transmisj\u0119, dopasowywanie lub \u0142\u0105czenie, ograniczenie, usuwanie lub niszczenie.<\/span><\/p>\n<p><b>Cel przetwarzania danych osobowych.<\/b><b><br \/>\n<\/b><span style=\"font-weight: 400;\"> Dane u\u017cytkownika s\u0105 zbierane w celu umo\u017cliwienia Administratorowi \u015bwiadczenia us\u0142ug, a tak\u017ce do nast\u0119puj\u0105cych cel\u00f3w: Aplikacje spo\u0142eczno\u015bciowe, interakcje z sieciami spo\u0142eczno\u015bciowymi i platformami zewn\u0119trznymi, reklama, statystyki, zarz\u0105dzanie adresami e-mail i wysy\u0142k\u0105 wiadomo\u015bci, marketing afiliacyjny, zarz\u0105dzanie kana\u0142ami RSS, kontakt z u\u017cytkownikiem, obs\u0142uga p\u0142atno\u015bci, monitorowanie infrastruktury, wy\u015bwietlanie tre\u015bci z platform zewn\u0119trznych, komentowanie tre\u015bci.<\/span><\/p>\n<p><b>Podstawa prawna.<\/b><b><br \/>\n<\/b><span style=\"font-weight: 400;\"> Przetwarzanie odbywa si\u0119 zgodnie z podstawami legalno\u015bci okre\u015blonymi w art. 6 RODO, w zwi\u0105zku z relacj\u0105 nawi\u0105zan\u0105 z Administratorem. W zwi\u0105zku z tym, podstaw\u0105 prawn\u0105 przetwarzania danych wskazanych w punkcie (i) zgodnie z art. 13 lit. c) RODO jest cel relacji z Administratorem, tj. odwiedzenie strony, wype\u0142nienie formularza kontaktowego, z\u0142o\u017cenie zapytania lub pro\u015bby. Podstawy prawne:<\/span><span style=\"font-weight: 400;\"><br \/>\n<\/span><span style=\"font-weight: 400;\"> a) zgoda osoby, kt\u00f3rej dane dotycz\u0105 (art. 6 ust. 1 lit. a RODO) (marketing, profilowanie za pomoc\u0105 plik\u00f3w cookie);<\/span><span style=\"font-weight: 400;\"><br \/>\n<\/span><span style=\"font-weight: 400;\"> b) wykonanie umowy (art. 6 ust. 1 lit. b RODO) (zakup);<\/span><span style=\"font-weight: 400;\"><br \/>\n<\/span><span style=\"font-weight: 400;\"> c) wype\u0142nienie obowi\u0105zku prawnego (art. 6 ust. 1 lit. c RODO) (np. fakturowanie);<\/span><span style=\"font-weight: 400;\"><br \/>\n<\/span><span style=\"font-weight: 400;\"> d) prawnie uzasadniony interes administratora (art. 6 ust. 1 lit. f RODO) (soft spam, ochrona platformy i interes\u00f3w administratora).<\/span><\/p>\n<p><b>Spos\u00f3b przetwarzania danych.<\/b><b><br \/>\n<\/b><span style=\"font-weight: 400;\"> Dane b\u0119d\u0105 przetwarzane w formie papierowej i\/lub elektronicznej przez osoby upowa\u017cnione. Nie stosuje si\u0119 zautomatyzowanego podejmowania decyzji. Podanie danych jest dobrowolne, jednak ich brak mo\u017ce uniemo\u017cliwi\u0107 \u015bwiadczenie us\u0142ug. Niekt\u00f3re dane (np. dotycz\u0105ce przegl\u0105dania \u2013 zob. polityka plik\u00f3w cookies) s\u0105 zbierane automatycznie przez system. Przetwarzanie mo\u017ce obejmowa\u0107: zarz\u0105dzanie, organizacj\u0119, wykorzystanie, przechowywanie, tworzenie baz danych, przetwarzanie na terenie UE i poza ni\u0105 (w krajach uznanych zgodnie z art. 45 i 46 RODO), statystyki, przekazanie partnerom biznesowym, z kt\u00f3rymi inicjatywy zostan\u0105 rozwijane \u2013 jako podmiotom przetwarzaj\u0105cym (art. 28 RODO), wsp\u00f3\u0142administratorom lub niezale\u017cnym administratorom. Przetwarzanie obejmuje r\u00f3wnie\u017c komunikacj\u0119 o przysz\u0142ych inicjatywach i wysy\u0142k\u0119 materia\u0142\u00f3w promocyjnych.<\/span><\/p>\n<p><b>Prawa os\u00f3b, kt\u00f3rych dane dotycz\u0105.<\/b><b><br \/>\n<\/b><span style=\"font-weight: 400;\"> Administrator informuje, \u017ce u\u017cytkownikom przys\u0142uguj\u0105 prawa:<\/span><span style=\"font-weight: 400;\"><br \/>\n<\/span><span style=\"font-weight: 400;\"> do sprostowania danych (art. 16 RODO), do usuni\u0119cia danych (\u201eprawo do bycia zapomnianym\u201d, art. 17 RODO), do ograniczenia przetwarzania (art. 18 RODO), a tak\u017ce prawo dost\u0119pu do danych i informacji wskazanych w art. 15 RODO. Ponadto u\u017cytkownicy maj\u0105 prawo do:<\/span><\/p>\n<ol>\n<li style=\"font-weight: 400;\" aria-level=\"1\"><span style=\"font-weight: 400;\">\u017b\u0105dania dost\u0119pu, sprostowania, usuni\u0119cia danych osobowych lub ograniczenia ich przetwarzania;<\/span><span style=\"font-weight: 400;\">\n<p><\/span><\/li>\n<li style=\"font-weight: 400;\" aria-level=\"1\"><span style=\"font-weight: 400;\">Sprzeciwu wobec przetwarzania;<\/span><span style=\"font-weight: 400;\">\n<p><\/span><\/li>\n<li style=\"font-weight: 400;\" aria-level=\"1\"><span style=\"font-weight: 400;\">Przenoszenia danych (art. 20 RODO);<\/span><span style=\"font-weight: 400;\">\n<p><\/span><\/li>\n<li style=\"font-weight: 400;\" aria-level=\"1\"><span style=\"font-weight: 400;\">Wycofania zgody, je\u015bli podstaw\u0105 przetwarzania jest art. 6 ust. 1 lit. a) lub art. 9 ust. 2 lit. a) \u2013 w dowolnym momencie, bez wp\u0142ywu na zgodno\u015b\u0107 przetwarzania z prawem sprzed jej cofni\u0119cia;<\/span><span style=\"font-weight: 400;\">\n<p><\/span><\/li>\n<li style=\"font-weight: 400;\" aria-level=\"1\"><span style=\"font-weight: 400;\">Z\u0142o\u017cenia skargi do organu nadzorczego.<\/span><span style=\"font-weight: 400;\">\n<p><\/span><\/li>\n<\/ol>\n<p><span style=\"font-weight: 400;\">Aby skorzysta\u0107 z powy\u017cszych praw lub uzyska\u0107 wi\u0119cej informacji, nale\u017cy wys\u0142a\u0107 e-mail na adres: <a href=\"mailto:info@holyart.it\">info@holyart.it<\/a>, z tytu\u0142em wiadomo\u015bci \u201erealizacja praw RODO\u201d, oraz poda\u0107 w tre\u015bci wiadomo\u015bci, z kt\u00f3rego prawa si\u0119 korzysta, wraz z imieniem, nazwiskiem i adresem e-mail, na kt\u00f3ry ma zosta\u0107 przes\u0142ana odpowied\u017a. Administrator odpowie w terminie wskazanym w art. 12 RODO.<\/span><\/p>\n<p><span style=\"font-weight: 400;\">W okre\u015blonych przypadkach administrator stosuje oddzielne klauzule informacyjne z odpowiednimi formularzami zgody. Je\u015bli planowane jest dalsze przetwarzanie danych w innym celu ni\u017c pierwotnie podany, przed jego rozpocz\u0119ciem zostan\u0105 przekazane odpowiednie informacje, a w razie potrzeby \u2013 uzyskana nowa zgoda.<\/span><\/p>\n<p><b>Przechowywanie danych.<\/b><b><br \/>\n<\/b><span style=\"font-weight: 400;\"> Dane osobowe b\u0119d\u0105 przechowywane przez okres niezb\u0119dny do realizacji cel\u00f3w, dla kt\u00f3rych zosta\u0142y zebrane. Czas przechowywania zale\u017cy od celu i mo\u017ce si\u0119 r\u00f3\u017cni\u0107 \u2013 zasadniczo przez ca\u0142y czas trwania relacji z klientem, a nast\u0119pnie przez 5 lat, chyba \u017ce udzielono zgody na d\u0142u\u017csze przechowywanie. Dane wymagane do cel\u00f3w podatkowych i cywilnych b\u0119d\u0105 przechowywane zgodnie z obowi\u0105zuj\u0105cymi przepisami oraz na potrzeby ewentualnej obrony prawnej Administratora.<\/span><\/p>\n<p><b>Cookies<\/b><b><br \/>\n<\/b><span style=\"font-weight: 400;\"> Cookie to ma\u0142y plik tekstowy zapisywany przez stron\u0119 internetow\u0105 na dysku urz\u0105dzenia u\u017cytkownika. Cookie jednoznacznie identyfikuje przegl\u0105dark\u0119. Pliki cookie nie szkodz\u0105 komputerowi i nie zawieraj\u0105 wirus\u00f3w. U\u0142atwiaj\u0105 analiz\u0119 ruchu w sieci, wskazuj\u0105, kiedy odwiedzana jest konkretna strona i umo\u017cliwiaj\u0105 przesy\u0142anie spersonalizowanych tre\u015bci.<\/span><span style=\"font-weight: 400;\"><br \/>\n<\/span><span style=\"font-weight: 400;\">Tylko u\u017cytkownik mo\u017ce r\u0119cznie usun\u0105\u0107 pliki cookie lub ustawi\u0107 ich automatyczne usuwanie po zamkni\u0119ciu przegl\u0105darki.<\/span><span style=\"font-weight: 400;\"><br \/>\n<\/span><span style=\"font-weight: 400;\"> Wi\u0119cej informacji mo\u017cna znale\u017a\u0107 w naszej polityce cookies.<\/span><\/p>\n<p><b>Wysy\u0142ka newsletter\u00f3w i marketing.<\/b><b><br \/>\n<\/b><span style=\"font-weight: 400;\"> W okresie przechowywania danych administrator zastrzega sobie prawo \u2013 na podstawie uzasadnionego interesu \u2013 do wysy\u0142ania \u0142agodnych tre\u015bci marketingowych (soft marketing) lub, w przypadku wyra\u017cenia zgody, innych wiadomo\u015bci marketingowych.<\/span><\/p>\n<p><b>Prawa autorskie<\/b><b><br \/>\n<\/b><span style=\"font-weight: 400;\"> Wszystkie tre\u015bci tej strony s\u0105 chronione przepisami o prawie autorskim i w\u0142asno\u015bci intelektualnej. Wszelkie kopiowanie, nawet cz\u0119\u015bciowe, w jakiejkolwiek formie, jest zabronione. Administrator nie udziela \u017cadnych licencji w zakresie praw autorskich, patent\u00f3w ani innych praw w\u0142asno\u015bci intelektualnej.<\/span><\/p>\n<p><b>Odpowiedzialno\u015b\u0107<\/b><b><br \/>\n<\/b><span style=\"font-weight: 400;\"> Materia\u0142y i informacje dost\u0119pne na stronie mog\u0105 by\u0107 zmieniane lub aktualizowane przez Administratora bez wcze\u015bniejszego powiadomienia.<\/span><\/p>\n<p><b>Stosowanie przepis\u00f3w prawa<\/b><b><br \/>\n<\/b><span style=\"font-weight: 400;\"> Administrator regularnie aktualizuje niniejsz\u0105 polityk\u0119 prywatno\u015bci oraz og\u00f3lnie swoj\u0105 zgodno\u015b\u0107 z przepisami o ochronie danych, dostosowuj\u0105c si\u0119 do wszelkich nowych regulacji. W razie pyta\u0144 dotycz\u0105cych tej polityki prosimy o kontakt: <a href=\"mailto:info@holyart.it\">info@holyart.it<\/a><\/span><\/p>\n<p><b>Skargi<\/b><b><br \/>\n<\/b><span style=\"font-weight: 400;\"> Odpowiadamy na zapytania oraz pisemne skargi przesy\u0142ane na adres: <a href=\"mailto:info@holyart.it\">info@holyart.it<\/a> w celu analizy zg\u0142oszonego problemu. Administrator zobowi\u0105zuje si\u0119 do wsp\u00f3\u0142pracy z odpowiednimi organami w celu rozwi\u0105zania ewentualnych skarg dotycz\u0105cych przetwarzania danych osobowych, kt\u00f3rych nie mo\u017cna rozwi\u0105za\u0107 bezpo\u015brednio z osobami fizycznymi.<\/span><\/p>\n","protected":false},"excerpt":{"rendered":"<p>Administratorem danych osobowych tej strony jest Pulcranet S.r.l. (NIP: 03094930363), Via Martiniana 325\/B, 41126 Modena, W\u0142ochy, z inspektorem ochrony danych (IOD) dost\u0119pnym pod nast\u0119puj\u0105cym adresem e-mail: dpo@holyart.it Sp\u00f3\u0142ka udost\u0119pnia niniejsz\u0105 informacj\u0119 zgodnie z art. 12 i 13 Rozporz\u0105dzenia UE 2016\/679 (tzw. \u201eRODO\u201d) oraz w\u0142oskiego dekretu&hellip;<\/p>\n","protected":false},"author":1,"featured_media":0,"parent":0,"menu_order":0,"comment_status":"closed","ping_status":"closed","template":"","meta":{"_acf_changed":false,"footnotes":""},"class_list":["post-3519","page","type-page","status-publish","hentry"],"acf":[],"yoast_head":"<!-- This site is optimized with the Yoast SEO plugin v26.6 - https:\/\/yoast.com\/wordpress\/plugins\/seo\/ -->\n<title>Privacy Policy - Holyart.pl Blog<\/title>\n<meta name=\"robots\" content=\"index, follow, max-snippet:-1, max-image-preview:large, max-video-preview:-1\" \/>\n<link rel=\"canonical\" href=\"https:\/\/blog.holyart.it\/pl\/privacy-policy\/\" \/>\n<meta property=\"og:locale\" content=\"pl_PL\" \/>\n<meta property=\"og:type\" content=\"article\" \/>\n<meta property=\"og:title\" content=\"Privacy Policy - Holyart.pl Blog\" \/>\n<meta property=\"og:description\" content=\"Administratorem danych osobowych tej strony jest Pulcranet S.r.l. (NIP: 03094930363), Via Martiniana 325\/B, 41126 Modena, W\u0142ochy, z inspektorem ochrony danych (IOD) dost\u0119pnym pod nast\u0119puj\u0105cym adresem e-mail: dpo@holyart.it Sp\u00f3\u0142ka udost\u0119pnia niniejsz\u0105 informacj\u0119 zgodnie z art. 12 i 13 Rozporz\u0105dzenia UE 2016\/679 (tzw. \u201eRODO\u201d) oraz w\u0142oskiego dekretu&hellip;\" \/>\n<meta property=\"og:url\" content=\"https:\/\/blog.holyart.it\/pl\/privacy-policy\/\" \/>\n<meta property=\"og:site_name\" content=\"Holyart.pl Blog\" \/>\n<meta property=\"article:modified_time\" content=\"2025-08-08T13:48:44+00:00\" \/>\n<meta name=\"twitter:card\" content=\"summary_large_image\" \/>\n<meta name=\"twitter:label1\" content=\"Szacowany czas czytania\" \/>\n\t<meta name=\"twitter:data1\" content=\"6 minut\" \/>\n<script type=\"application\/ld+json\" class=\"yoast-schema-graph\">{\"@context\":\"https:\/\/schema.org\",\"@graph\":[{\"@type\":\"WebPage\",\"@id\":\"https:\/\/blog.holyart.it\/pl\/privacy-policy\/\",\"url\":\"https:\/\/blog.holyart.it\/pl\/privacy-policy\/\",\"name\":\"Privacy Policy - Holyart.pl Blog\",\"isPartOf\":{\"@id\":\"https:\/\/blog.holyart.it\/pl\/#website\"},\"datePublished\":\"2025-06-19T09:26:30+00:00\",\"dateModified\":\"2025-08-08T13:48:44+00:00\",\"breadcrumb\":{\"@id\":\"https:\/\/blog.holyart.it\/pl\/privacy-policy\/#breadcrumb\"},\"inLanguage\":\"pl-PL\",\"potentialAction\":[{\"@type\":\"ReadAction\",\"target\":[\"https:\/\/blog.holyart.it\/pl\/privacy-policy\/\"]}]},{\"@type\":\"BreadcrumbList\",\"@id\":\"https:\/\/blog.holyart.it\/pl\/privacy-policy\/#breadcrumb\",\"itemListElement\":[{\"@type\":\"ListItem\",\"position\":1,\"name\":\"Homepage\",\"item\":\"https:\/\/blog.holyart.it\/pl\/\"},{\"@type\":\"ListItem\",\"position\":2,\"name\":\"Privacy Policy\"}]},{\"@type\":\"WebSite\",\"@id\":\"https:\/\/blog.holyart.it\/pl\/#website\",\"url\":\"https:\/\/blog.holyart.it\/pl\/\",\"name\":\"Holyart.pl Blog\",\"description\":\"\",\"publisher\":{\"@id\":\"https:\/\/blog.holyart.it\/pl\/#organization\"},\"potentialAction\":[{\"@type\":\"SearchAction\",\"target\":{\"@type\":\"EntryPoint\",\"urlTemplate\":\"https:\/\/blog.holyart.it\/pl\/?s={search_term_string}\"},\"query-input\":{\"@type\":\"PropertyValueSpecification\",\"valueRequired\":true,\"valueName\":\"search_term_string\"}}],\"inLanguage\":\"pl-PL\"},{\"@type\":\"Organization\",\"@id\":\"https:\/\/blog.holyart.it\/pl\/#organization\",\"name\":\"Holyart.pl Blog\",\"url\":\"https:\/\/blog.holyart.it\/pl\/\",\"logo\":{\"@type\":\"ImageObject\",\"inLanguage\":\"pl-PL\",\"@id\":\"https:\/\/blog.holyart.it\/pl\/#\/schema\/logo\/image\/\",\"url\":\"https:\/\/blog.holyart.it\/pl\/wp-content\/uploads\/sites\/15\/2022\/12\/Holyart_Blog_Logo.jpg\",\"contentUrl\":\"https:\/\/blog.holyart.it\/pl\/wp-content\/uploads\/sites\/15\/2022\/12\/Holyart_Blog_Logo.jpg\",\"width\":300,\"height\":50,\"caption\":\"Holyart.pl Blog\"},\"image\":{\"@id\":\"https:\/\/blog.holyart.it\/pl\/#\/schema\/logo\/image\/\"}}]}<\/script>\n<!-- \/ Yoast SEO plugin. -->","yoast_head_json":{"title":"Privacy Policy - Holyart.pl Blog","robots":{"index":"index","follow":"follow","max-snippet":"max-snippet:-1","max-image-preview":"max-image-preview:large","max-video-preview":"max-video-preview:-1"},"canonical":"https:\/\/blog.holyart.it\/pl\/privacy-policy\/","og_locale":"pl_PL","og_type":"article","og_title":"Privacy Policy - Holyart.pl Blog","og_description":"Administratorem danych osobowych tej strony jest Pulcranet S.r.l. (NIP: 03094930363), Via Martiniana 325\/B, 41126 Modena, W\u0142ochy, z inspektorem ochrony danych (IOD) dost\u0119pnym pod nast\u0119puj\u0105cym adresem e-mail: dpo@holyart.it Sp\u00f3\u0142ka udost\u0119pnia niniejsz\u0105 informacj\u0119 zgodnie z art. 12 i 13 Rozporz\u0105dzenia UE 2016\/679 (tzw. \u201eRODO\u201d) oraz w\u0142oskiego dekretu&hellip;","og_url":"https:\/\/blog.holyart.it\/pl\/privacy-policy\/","og_site_name":"Holyart.pl Blog","article_modified_time":"2025-08-08T13:48:44+00:00","twitter_card":"summary_large_image","twitter_misc":{"Szacowany czas czytania":"6 minut"},"schema":{"@context":"https:\/\/schema.org","@graph":[{"@type":"WebPage","@id":"https:\/\/blog.holyart.it\/pl\/privacy-policy\/","url":"https:\/\/blog.holyart.it\/pl\/privacy-policy\/","name":"Privacy Policy - Holyart.pl Blog","isPartOf":{"@id":"https:\/\/blog.holyart.it\/pl\/#website"},"datePublished":"2025-06-19T09:26:30+00:00","dateModified":"2025-08-08T13:48:44+00:00","breadcrumb":{"@id":"https:\/\/blog.holyart.it\/pl\/privacy-policy\/#breadcrumb"},"inLanguage":"pl-PL","potentialAction":[{"@type":"ReadAction","target":["https:\/\/blog.holyart.it\/pl\/privacy-policy\/"]}]},{"@type":"BreadcrumbList","@id":"https:\/\/blog.holyart.it\/pl\/privacy-policy\/#breadcrumb","itemListElement":[{"@type":"ListItem","position":1,"name":"Homepage","item":"https:\/\/blog.holyart.it\/pl\/"},{"@type":"ListItem","position":2,"name":"Privacy Policy"}]},{"@type":"WebSite","@id":"https:\/\/blog.holyart.it\/pl\/#website","url":"https:\/\/blog.holyart.it\/pl\/","name":"Holyart.pl Blog","description":"","publisher":{"@id":"https:\/\/blog.holyart.it\/pl\/#organization"},"potentialAction":[{"@type":"SearchAction","target":{"@type":"EntryPoint","urlTemplate":"https:\/\/blog.holyart.it\/pl\/?s={search_term_string}"},"query-input":{"@type":"PropertyValueSpecification","valueRequired":true,"valueName":"search_term_string"}}],"inLanguage":"pl-PL"},{"@type":"Organization","@id":"https:\/\/blog.holyart.it\/pl\/#organization","name":"Holyart.pl Blog","url":"https:\/\/blog.holyart.it\/pl\/","logo":{"@type":"ImageObject","inLanguage":"pl-PL","@id":"https:\/\/blog.holyart.it\/pl\/#\/schema\/logo\/image\/","url":"https:\/\/blog.holyart.it\/pl\/wp-content\/uploads\/sites\/15\/2022\/12\/Holyart_Blog_Logo.jpg","contentUrl":"https:\/\/blog.holyart.it\/pl\/wp-content\/uploads\/sites\/15\/2022\/12\/Holyart_Blog_Logo.jpg","width":300,"height":50,"caption":"Holyart.pl Blog"},"image":{"@id":"https:\/\/blog.holyart.it\/pl\/#\/schema\/logo\/image\/"}}]}},"_links":{"self":[{"href":"https:\/\/blog.holyart.it\/pl\/wp-json\/wp\/v2\/pages\/3519","targetHints":{"allow":["GET"]}}],"collection":[{"href":"https:\/\/blog.holyart.it\/pl\/wp-json\/wp\/v2\/pages"}],"about":[{"href":"https:\/\/blog.holyart.it\/pl\/wp-json\/wp\/v2\/types\/page"}],"author":[{"embeddable":true,"href":"https:\/\/blog.holyart.it\/pl\/wp-json\/wp\/v2\/users\/1"}],"replies":[{"embeddable":true,"href":"https:\/\/blog.holyart.it\/pl\/wp-json\/wp\/v2\/comments?post=3519"}],"version-history":[{"count":2,"href":"https:\/\/blog.holyart.it\/pl\/wp-json\/wp\/v2\/pages\/3519\/revisions"}],"predecessor-version":[{"id":3768,"href":"https:\/\/blog.holyart.it\/pl\/wp-json\/wp\/v2\/pages\/3519\/revisions\/3768"}],"wp:attachment":[{"href":"https:\/\/blog.holyart.it\/pl\/wp-json\/wp\/v2\/media?parent=3519"}],"curies":[{"name":"wp","href":"https:\/\/api.w.org\/{rel}","templated":true}]}}