{"id":10590,"date":"2025-06-19T11:24:04","date_gmt":"2025-06-19T09:24:04","guid":{"rendered":"https:\/\/blog.holyart.it\/fr\/?page_id=10590"},"modified":"2025-08-08T15:47:31","modified_gmt":"2025-08-08T13:47:31","slug":"privacy-policy","status":"publish","type":"page","link":"https:\/\/blog.holyart.it\/fr\/privacy-policy\/","title":{"rendered":"Privacy Policy"},"content":{"rendered":"<p><span style=\"font-weight: 400;\">Le Responsable du traitement<\/span> <span style=\"font-weight: 400;\">de ce site est la soci\u00e9t\u00e9<\/span><\/p>\n<p><b>Pulcranet S.r.l.<\/b><span style=\"font-weight: 400;\"> (TVA n\u00b0 03094930363), Via Martiniana 325\/B, 41126, Mod\u00e8ne, avec un DPD (D\u00e9l\u00e9gu\u00e9 \u00e0 la Protection des Donn\u00e9es) joignable \u00e0 l\u2019adresse e-mail suivante : <a href=\"mailto:dpo@holyart.it\">dpo@holyart.it<\/a><\/span><\/p>\n<p><span style=\"font-weight: 400;\">La soci\u00e9t\u00e9 fournit cette information conform\u00e9ment aux articles 12 et 13 du nouveau R\u00e8glement UE 2016\/679 (dit \u00ab\u202fRGPD\u202f\u00bb) et au d\u00e9cret l\u00e9gislatif 101\/2018, en d\u00e9crivant les modalit\u00e9s de traitement des donn\u00e9es personnelles des utilisateurs qui consultent ce site accessible en ligne \u00e0 l\u2019adresse :<\/span><span style=\"font-weight: 400;\"><br \/>\n<\/span><a href=\"https:\/\/www.holyart.it\/blog\/\"><span style=\"font-weight: 400;\">https:\/\/www.holyart.fr\/blog\/<\/span><\/a><span style=\"font-weight: 400;\"> (ou en tout cas correspondant \u00e0 la page d\u2019accueil du Blog).<\/span><\/p>\n<p><b>En ce qui concerne la politique de confidentialit\u00e9 du site e-commerce accessible depuis le Blog, veuillez vous r\u00e9f\u00e9rer \u00e0 la politique disponible \u00e0 l\u2019adresse suivante<\/b><span style=\"font-weight: 400;\"> :<\/span> <a href=\"https:\/\/www.holyart.fr\/privacy-policy\"><span style=\"font-weight: 400;\">https:\/\/www.holyart.fr\/privacy-policy<\/span><\/a><\/p>\n<p><span style=\"font-weight: 400;\">La pr\u00e9sente politique concerne uniquement le site en question et non les autres sites web \u00e9ventuellement consult\u00e9s par l\u2019utilisateur via des liens pr\u00e9sents sur le site.<\/span><\/p>\n<p><b>Types de donn\u00e9es trait\u00e9es.<\/b><b><br \/>\n<\/b><span style=\"font-weight: 400;\"> i) Donn\u00e9es personnelles et de contact (Nom et pr\u00e9nom, adresse e-mail, num\u00e9ro de t\u00e9l\u00e9phone) ;<\/span><span style=\"font-weight: 400;\"><br \/>\n<\/span><span style=\"font-weight: 400;\"> ii) Donn\u00e9es de navigation, adresse IP et navigation sur le site, pr\u00e9f\u00e9rences d\u00e9clar\u00e9es (cat\u00e9gories de produits pr\u00e9f\u00e9r\u00e9es, y compris des donn\u00e9es \u00e9num\u00e9r\u00e9es dans les cat\u00e9gories particuli\u00e8res de donn\u00e9es personnelles au sens de l\u2019art. 9 du RGPD, telles que des donn\u00e9es indirectement li\u00e9es aux croyances religieuses).<\/span><\/p>\n<p><b>Cat\u00e9gories de personnes concern\u00e9es. <\/b><span style=\"font-weight: 400;\">Utilisateurs du blog.<\/span><\/p>\n<p><b>Nature du traitement. <\/b><span style=\"font-weight: 400;\">Collecte, enregistrement, organisation, structuration, conservation, adaptation ou modification, extraction, consultation, utilisation, communication par transmission, comparaison ou interconnexion, limitation, effacement ou destruction.<\/span><\/p>\n<p><b>Finalit\u00e9 du traitement des donn\u00e9es collect\u00e9es. <\/b><span style=\"font-weight: 400;\">Les donn\u00e9es de l\u2019utilisateur sont collect\u00e9es afin de permettre au Responsable de fournir ses services, ainsi que pour les finalit\u00e9s suivantes : Applications sociales, Interaction avec les r\u00e9seaux sociaux et plateformes externes, Publicit\u00e9, Statistiques, Gestion des adresses et envoi d\u2019e-mails, Affiliation commerciale, Gestion des flux RSS, Contact avec l\u2019Utilisateur, Gestion des paiements, Surveillance de l\u2019infrastructure, affichage de contenus provenant de plateformes externes, et commentaires sur le contenu.<\/span><\/p>\n<p><b>Base juridique. <\/b><span style=\"font-weight: 400;\">Le traitement est effectu\u00e9 conform\u00e9ment aux conditions de lic\u00e9it\u00e9 pr\u00e9vues \u00e0 l\u2019art. 6 du RGPD, en lien avec la relation \u00e9tablie avec le Responsable. Par cons\u00e9quent, la base juridique relative au type de donn\u00e9es mentionn\u00e9es au point (i) ci-dessus, conform\u00e9ment \u00e0 l\u2019art. 13, lettre c) du RGPD, est fond\u00e9e sur les raisons pour lesquelles la relation avec le Responsable est instaur\u00e9e, dans ce cas pr\u00e9cis en relation avec la navigation sur le pr\u00e9sent site et\/ou la compl\u00e9tion du formulaire de contact par l\u2019utilisateur, ainsi que les demandes d\u2019informations ou prestations correspondantes. Base juridique :<\/span><\/p>\n<ol>\n<li><span style=\"font-weight: 400;\"><br \/>\n<\/span><span style=\"font-weight: 400;\"> a) consentement de la personne concern\u00e9e (art. 6, \u00a71, let. a) RGPD) (marketing, profilage via cookies) ;<\/span><\/li>\n<li><span style=\"font-weight: 400;\"><br \/>\n<\/span><span style=\"font-weight: 400;\"> b) ex\u00e9cution du contrat (art. 6, \u00a71, let. b) RGPD) (achat) ;<\/span><\/li>\n<li><span style=\"font-weight: 400;\"><br \/>\n<\/span><span style=\"font-weight: 400;\"> c) respect d\u2019une obligation l\u00e9gale \u00e0 laquelle le Responsable est soumis (art. 6, \u00a71, let. c) RGPD) (ex. facturation) ;<\/span><\/li>\n<li><span style=\"font-weight: 400;\"><br \/>\n<\/span><span style=\"font-weight: 400;\"> d) int\u00e9r\u00eat l\u00e9gitime du Responsable (art. 6, \u00a71, let. f) RGPD) (soft spam et\/ou protection de la plateforme et du Responsable).<\/span><\/li>\n<\/ol>\n<p><b>Modalit\u00e9s du traitement. <\/b><span style=\"font-weight: 400;\">Le traitement des donn\u00e9es sera effectu\u00e9 sur support papier et\/ou \u00e9lectronique par des personnes express\u00e9ment autoris\u00e9es. Il est \u00e9galement pr\u00e9cis\u00e9 qu\u2019aucun traitement ne repose sur des processus d\u00e9cisionnels automatis\u00e9s. La fourniture des donn\u00e9es est facultative ; toutefois, le refus de fournir certaines donn\u00e9es peut rendre impossible la prestation de service. Certaines donn\u00e9es de navigation (voir notre politique de cookies) sont automatiquement acquises par le syst\u00e8me. Le traitement des donn\u00e9es fournies au Responsable pourra inclure : gestion, organisation, utilisation, conservation, cr\u00e9ation de bases de donn\u00e9es, traitement dans l\u2019ensemble du territoire de l\u2019UE et hors UE (pays relevant des art. 45 et 46 RGPD), r\u00e9alisation de statistiques, communication aux partenaires avec lesquels des initiatives seront d\u00e9velopp\u00e9es \u2013 ces sujets seront d\u00e9sign\u00e9s comme sous-traitants conform\u00e9ment \u00e0 l\u2019art. 28 RGPD, coresponsables ou responsables ind\u00e9pendants si les donn\u00e9es leur sont communiqu\u00e9es. Le traitement inclura \u00e9galement la communication des futures initiatives et l\u2019envoi de mat\u00e9riel promotionnel.<\/span><\/p>\n<p><b>Droits des personnes concern\u00e9es. <\/b><span style=\"font-weight: 400;\">Le Responsable informe \u00e9galement que les droits suivants sont garantis : le droit de rectification (art. 16 RGPD), le droit \u00e0 l\u2019oubli (art. 17 RGPD), le droit \u00e0 la limitation du traitement (art. 18 RGPD), ainsi que le droit d\u2019acc\u00e8s aux donn\u00e9es personnelles et \u00e0 toutes les informations pr\u00e9vues \u00e0 l\u2019art. 15 RGPD. Les personnes concern\u00e9es ont \u00e9galement le droit :<\/span><\/p>\n<ol>\n<li style=\"font-weight: 400;\" aria-level=\"1\"><span style=\"font-weight: 400;\">De demander au Responsable l\u2019acc\u00e8s, la rectification ou l\u2019effacement de leurs donn\u00e9es personnelles, ou la limitation du traitement ;<\/span>&nbsp;<\/li>\n<li style=\"font-weight: 400;\" aria-level=\"1\"><span style=\"font-weight: 400;\">De s\u2019opposer au traitement ;<\/span>&nbsp;<\/li>\n<li style=\"font-weight: 400;\" aria-level=\"1\"><span style=\"font-weight: 400;\">\u00c0 la portabilit\u00e9 des donn\u00e9es conform\u00e9ment \u00e0 l\u2019art. 20 RGPD ;<\/span>&nbsp;<\/li>\n<li style=\"font-weight: 400;\" aria-level=\"1\"><span style=\"font-weight: 400;\">Si le traitement est fond\u00e9 sur l\u2019article 6, \u00a71, let. a), ou sur l\u2019article 9, \u00a72, let. a), de retirer leur consentement \u00e0 tout moment sans porter atteinte \u00e0 la lic\u00e9it\u00e9 du traitement fond\u00e9e sur le consentement avant le retrait ;<\/span>&nbsp;<\/li>\n<li style=\"font-weight: 400;\" aria-level=\"1\"><span style=\"font-weight: 400;\">De d\u00e9poser une plainte aupr\u00e8s d\u2019une autorit\u00e9 de contr\u00f4le.<\/span>&nbsp;<\/li>\n<\/ol>\n<p><span style=\"font-weight: 400;\">Pour exercer les droits mentionn\u00e9s ci-dessus ou obtenir plus d\u2019informations, il suffit d\u2019envoyer un e-mail \u00e0 l\u2019adresse suivante : <a href=\"mailto:info@holyart.it\">info@holyart.it<\/a> en indiquant dans l\u2019objet : \u00ab exercice des droits RGPD \u00bb et en pr\u00e9cisant dans le corps du message le droit que vous souhaitez exercer, ainsi que vos nom, pr\u00e9nom et adresse e-mail \u00e0 laquelle vous souhaitez recevoir une r\u00e9ponse. Le Responsable traitera la demande et r\u00e9pondra dans les d\u00e9lais pr\u00e9vus \u00e0 l\u2019art. 12 RGPD.<\/span><\/p>\n<p><span style=\"font-weight: 400;\">Dans certains cas, le Responsable adopte des politiques sp\u00e9cifiques accompagn\u00e9es des consentements n\u00e9cessaires au traitement. En outre, si le Responsable envisage un traitement ult\u00e9rieur pour une finalit\u00e9 diff\u00e9rente de celle pour laquelle les donn\u00e9es ont \u00e9t\u00e9 collect\u00e9es, il fournira \u00e0 l\u2019int\u00e9ress\u00e9, avant ce traitement, des informations sur cette finalit\u00e9 et toute information compl\u00e9mentaire pertinente, en recueillant le consentement si n\u00e9cessaire.<\/span><\/p>\n<p><b>Conservation des donn\u00e9es.<\/b><span style=\"font-weight: 400;\"> Les donn\u00e9es personnelles seront conserv\u00e9es pendant la dur\u00e9e n\u00e9cessaire \u00e0 la r\u00e9alisation des finalit\u00e9s pour lesquelles elles ont \u00e9t\u00e9 collect\u00e9es. La dur\u00e9e de conservation d\u00e9pend des finalit\u00e9s et peut donc varier : pendant toute la dur\u00e9e o\u00f9 la personne concern\u00e9e est cliente, puis pendant 5 ans, sauf consentement explicite pour prolonger la conservation. Les donn\u00e9es n\u00e9cessaires au respect d\u2019obligations civiles et fiscales seront conserv\u00e9es ult\u00e9rieurement, conform\u00e9ment aux d\u00e9lais l\u00e9gaux applicables et pour la d\u00e9fense \u00e9ventuelle du Responsable en justice.<\/span><\/p>\n<p><b>Cookies.<\/b><span style=\"font-weight: 400;\"> Un cookie est un petit fichier texte qu\u2019un site web enregistre sur le disque dur de l\u2019appareil de l\u2019utilisateur. Les cookies permettent d\u2019identifier de mani\u00e8re unique le navigateur de l\u2019utilisateur. Les cookies ne causent aucun dommage \u00e0 l\u2019ordinateur et ne contiennent pas de virus. Ils permettent de faciliter l\u2019analyse du trafic web ou d\u2019indiquer quand un site sp\u00e9cifique est visit\u00e9, et permettent aux applications web d\u2019envoyer des informations aux utilisateurs individuels.<\/span><\/p>\n<p>&nbsp;<\/p>\n<p><span style=\"font-weight: 400;\">Seul l\u2019utilisateur peut choisir de supprimer manuellement les cookies de son appareil ou d\u2019activer leur suppression automatique \u00e0 la fermeture du navigateur.<\/span><\/p>\n<p>&nbsp;<\/p>\n<p><i><span style=\"font-weight: 400;\">Pour plus d\u2019informations, veuillez consulter notre politique de cookies.<\/span><\/i><\/p>\n<p><b>Envoi de newsletters et marketing. <\/b><span style=\"font-weight: 400;\">Pendant la p\u00e9riode de conservation des donn\u00e9es, le Responsable se r\u00e9serve le droit, sur la base de son int\u00e9r\u00eat l\u00e9gitime comme base juridique du traitement, d\u2019envoyer des offres commerciales (soft marketing), ou des communications marketing non soft si un consentement a \u00e9t\u00e9 donn\u00e9.<\/span><\/p>\n<p><b>Droits d\u2019auteur. <\/b><span style=\"font-weight: 400;\">Tous les contenus de ce site sont prot\u00e9g\u00e9s par la l\u00e9gislation sur le droit d\u2019auteur et la propri\u00e9t\u00e9 intellectuelle. Toute reproduction, m\u00eame partielle, est interdite, quel qu\u2019en soit le format. Le Responsable ne conc\u00e8de aucune licence relative aux droits d\u2019auteur, brevets ou tout autre droit de propri\u00e9t\u00e9 intellectuelle.<\/span><\/p>\n<p><b>Responsabilit\u00e9. <\/b><span style=\"font-weight: 400;\">Le mat\u00e9riel et les informations contenus sur ce site sont susceptibles d\u2019\u00eatre modifi\u00e9s ou mis \u00e0 jour par le Responsable sans pr\u00e9avis.<\/span><\/p>\n<p><b>Application de la r\u00e9glementation. <\/b><span style=\"font-weight: 400;\">Le Responsable met r\u00e9guli\u00e8rement \u00e0 jour la pr\u00e9sente politique ainsi que, de mani\u00e8re g\u00e9n\u00e9rale, sa conformit\u00e9 avec les r\u00e8gles de confidentialit\u00e9, en tenant compte des nouvelles dispositions. Pour toute question ou doute concernant cette politique de confidentialit\u00e9, vous pouvez nous contacter \u00e0 tout moment en \u00e9crivant \u00e0 : <a href=\"mailto:info@holyart.it\">info@holyart.it<\/a><\/span><\/p>\n<p><b>R\u00e9clamations. <\/b><span style=\"font-weight: 400;\">Nous r\u00e9pondrons aux utilisateurs qui soumettent des demandes et\/ou r\u00e9clamations \u00e9crites \u00e0 l\u2019adresse : <a href=\"mailto:info@holyart.it\">info@holyart.it<\/a> afin d\u2019examiner le probl\u00e8me signal\u00e9. Nous nous engageons \u00e0 coop\u00e9rer avec les autorit\u00e9s comp\u00e9tentes pour r\u00e9soudre toute r\u00e9clamation concernant le traitement des donn\u00e9es personnelles qui ne pourrait pas \u00eatre r\u00e9gl\u00e9e directement entre le Responsable et les utilisateurs.<\/span><\/p>\n","protected":false},"excerpt":{"rendered":"<p>Le Responsable du traitement de ce site est la soci\u00e9t\u00e9 Pulcranet S.r.l. (TVA n\u00b0 03094930363), Via Martiniana 325\/B, 41126, Mod\u00e8ne, avec un DPD (D\u00e9l\u00e9gu\u00e9 \u00e0 la Protection des Donn\u00e9es) joignable \u00e0 l\u2019adresse e-mail suivante : dpo@holyart.it La soci\u00e9t\u00e9 fournit cette information conform\u00e9ment aux articles 12&hellip;<\/p>\n","protected":false},"author":1,"featured_media":0,"parent":0,"menu_order":0,"comment_status":"closed","ping_status":"closed","template":"","meta":{"_acf_changed":false,"footnotes":""},"class_list":["post-10590","page","type-page","status-publish","hentry"],"acf":[],"yoast_head":"<!-- This site is optimized with the Yoast SEO plugin v26.6 - https:\/\/yoast.com\/wordpress\/plugins\/seo\/ -->\n<title>Privacy Policy - Holyart.fr Blog<\/title>\n<meta name=\"robots\" content=\"index, follow, max-snippet:-1, max-image-preview:large, max-video-preview:-1\" \/>\n<link rel=\"canonical\" href=\"https:\/\/blog.holyart.it\/fr\/privacy-policy\/\" \/>\n<meta property=\"og:locale\" content=\"fr_FR\" \/>\n<meta property=\"og:type\" content=\"article\" \/>\n<meta property=\"og:title\" content=\"Privacy Policy - Holyart.fr Blog\" \/>\n<meta property=\"og:description\" content=\"Le Responsable du traitement de ce site est la soci\u00e9t\u00e9 Pulcranet S.r.l. (TVA n\u00b0 03094930363), Via Martiniana 325\/B, 41126, Mod\u00e8ne, avec un DPD (D\u00e9l\u00e9gu\u00e9 \u00e0 la Protection des Donn\u00e9es) joignable \u00e0 l\u2019adresse e-mail suivante : dpo@holyart.it La soci\u00e9t\u00e9 fournit cette information conform\u00e9ment aux articles 12&hellip;\" \/>\n<meta property=\"og:url\" content=\"https:\/\/blog.holyart.it\/fr\/privacy-policy\/\" \/>\n<meta property=\"og:site_name\" content=\"Holyart.fr Blog\" \/>\n<meta property=\"article:modified_time\" content=\"2025-08-08T13:47:31+00:00\" \/>\n<meta name=\"twitter:card\" content=\"summary_large_image\" \/>\n<meta name=\"twitter:label1\" content=\"Dur\u00e9e de lecture estim\u00e9e\" \/>\n\t<meta name=\"twitter:data1\" content=\"7 minutes\" \/>\n<script type=\"application\/ld+json\" class=\"yoast-schema-graph\">{\"@context\":\"https:\/\/schema.org\",\"@graph\":[{\"@type\":\"WebPage\",\"@id\":\"https:\/\/blog.holyart.it\/fr\/privacy-policy\/\",\"url\":\"https:\/\/blog.holyart.it\/fr\/privacy-policy\/\",\"name\":\"Privacy Policy - Holyart.fr Blog\",\"isPartOf\":{\"@id\":\"https:\/\/blog.holyart.it\/fr\/#website\"},\"datePublished\":\"2025-06-19T09:24:04+00:00\",\"dateModified\":\"2025-08-08T13:47:31+00:00\",\"breadcrumb\":{\"@id\":\"https:\/\/blog.holyart.it\/fr\/privacy-policy\/#breadcrumb\"},\"inLanguage\":\"fr-FR\",\"potentialAction\":[{\"@type\":\"ReadAction\",\"target\":[\"https:\/\/blog.holyart.it\/fr\/privacy-policy\/\"]}]},{\"@type\":\"BreadcrumbList\",\"@id\":\"https:\/\/blog.holyart.it\/fr\/privacy-policy\/#breadcrumb\",\"itemListElement\":[{\"@type\":\"ListItem\",\"position\":1,\"name\":\"Homepage\",\"item\":\"https:\/\/blog.holyart.it\/fr\/\"},{\"@type\":\"ListItem\",\"position\":2,\"name\":\"Privacy Policy\"}]},{\"@type\":\"WebSite\",\"@id\":\"https:\/\/blog.holyart.it\/fr\/#website\",\"url\":\"https:\/\/blog.holyart.it\/fr\/\",\"name\":\"Holyart.fr Blog\",\"description\":\"Holyblog\",\"publisher\":{\"@id\":\"https:\/\/blog.holyart.it\/fr\/#organization\"},\"potentialAction\":[{\"@type\":\"SearchAction\",\"target\":{\"@type\":\"EntryPoint\",\"urlTemplate\":\"https:\/\/blog.holyart.it\/fr\/?s={search_term_string}\"},\"query-input\":{\"@type\":\"PropertyValueSpecification\",\"valueRequired\":true,\"valueName\":\"search_term_string\"}}],\"inLanguage\":\"fr-FR\"},{\"@type\":\"Organization\",\"@id\":\"https:\/\/blog.holyart.it\/fr\/#organization\",\"name\":\"Holyart.fr Blog\",\"url\":\"https:\/\/blog.holyart.it\/fr\/\",\"logo\":{\"@type\":\"ImageObject\",\"inLanguage\":\"fr-FR\",\"@id\":\"https:\/\/blog.holyart.it\/fr\/#\/schema\/logo\/image\/\",\"url\":\"https:\/\/blog.holyart.it\/fr\/wp-content\/uploads\/sites\/14\/2022\/12\/Holyart_Blog_Logo.jpg\",\"contentUrl\":\"https:\/\/blog.holyart.it\/fr\/wp-content\/uploads\/sites\/14\/2022\/12\/Holyart_Blog_Logo.jpg\",\"width\":300,\"height\":50,\"caption\":\"Holyart.fr Blog\"},\"image\":{\"@id\":\"https:\/\/blog.holyart.it\/fr\/#\/schema\/logo\/image\/\"}}]}<\/script>\n<!-- \/ Yoast SEO plugin. -->","yoast_head_json":{"title":"Privacy Policy - Holyart.fr Blog","robots":{"index":"index","follow":"follow","max-snippet":"max-snippet:-1","max-image-preview":"max-image-preview:large","max-video-preview":"max-video-preview:-1"},"canonical":"https:\/\/blog.holyart.it\/fr\/privacy-policy\/","og_locale":"fr_FR","og_type":"article","og_title":"Privacy Policy - Holyart.fr Blog","og_description":"Le Responsable du traitement de ce site est la soci\u00e9t\u00e9 Pulcranet S.r.l. (TVA n\u00b0 03094930363), Via Martiniana 325\/B, 41126, Mod\u00e8ne, avec un DPD (D\u00e9l\u00e9gu\u00e9 \u00e0 la Protection des Donn\u00e9es) joignable \u00e0 l\u2019adresse e-mail suivante : dpo@holyart.it La soci\u00e9t\u00e9 fournit cette information conform\u00e9ment aux articles 12&hellip;","og_url":"https:\/\/blog.holyart.it\/fr\/privacy-policy\/","og_site_name":"Holyart.fr Blog","article_modified_time":"2025-08-08T13:47:31+00:00","twitter_card":"summary_large_image","twitter_misc":{"Dur\u00e9e de lecture estim\u00e9e":"7 minutes"},"schema":{"@context":"https:\/\/schema.org","@graph":[{"@type":"WebPage","@id":"https:\/\/blog.holyart.it\/fr\/privacy-policy\/","url":"https:\/\/blog.holyart.it\/fr\/privacy-policy\/","name":"Privacy Policy - Holyart.fr Blog","isPartOf":{"@id":"https:\/\/blog.holyart.it\/fr\/#website"},"datePublished":"2025-06-19T09:24:04+00:00","dateModified":"2025-08-08T13:47:31+00:00","breadcrumb":{"@id":"https:\/\/blog.holyart.it\/fr\/privacy-policy\/#breadcrumb"},"inLanguage":"fr-FR","potentialAction":[{"@type":"ReadAction","target":["https:\/\/blog.holyart.it\/fr\/privacy-policy\/"]}]},{"@type":"BreadcrumbList","@id":"https:\/\/blog.holyart.it\/fr\/privacy-policy\/#breadcrumb","itemListElement":[{"@type":"ListItem","position":1,"name":"Homepage","item":"https:\/\/blog.holyart.it\/fr\/"},{"@type":"ListItem","position":2,"name":"Privacy Policy"}]},{"@type":"WebSite","@id":"https:\/\/blog.holyart.it\/fr\/#website","url":"https:\/\/blog.holyart.it\/fr\/","name":"Holyart.fr Blog","description":"Holyblog","publisher":{"@id":"https:\/\/blog.holyart.it\/fr\/#organization"},"potentialAction":[{"@type":"SearchAction","target":{"@type":"EntryPoint","urlTemplate":"https:\/\/blog.holyart.it\/fr\/?s={search_term_string}"},"query-input":{"@type":"PropertyValueSpecification","valueRequired":true,"valueName":"search_term_string"}}],"inLanguage":"fr-FR"},{"@type":"Organization","@id":"https:\/\/blog.holyart.it\/fr\/#organization","name":"Holyart.fr Blog","url":"https:\/\/blog.holyart.it\/fr\/","logo":{"@type":"ImageObject","inLanguage":"fr-FR","@id":"https:\/\/blog.holyart.it\/fr\/#\/schema\/logo\/image\/","url":"https:\/\/blog.holyart.it\/fr\/wp-content\/uploads\/sites\/14\/2022\/12\/Holyart_Blog_Logo.jpg","contentUrl":"https:\/\/blog.holyart.it\/fr\/wp-content\/uploads\/sites\/14\/2022\/12\/Holyart_Blog_Logo.jpg","width":300,"height":50,"caption":"Holyart.fr Blog"},"image":{"@id":"https:\/\/blog.holyart.it\/fr\/#\/schema\/logo\/image\/"}}]}},"_links":{"self":[{"href":"https:\/\/blog.holyart.it\/fr\/wp-json\/wp\/v2\/pages\/10590","targetHints":{"allow":["GET"]}}],"collection":[{"href":"https:\/\/blog.holyart.it\/fr\/wp-json\/wp\/v2\/pages"}],"about":[{"href":"https:\/\/blog.holyart.it\/fr\/wp-json\/wp\/v2\/types\/page"}],"author":[{"embeddable":true,"href":"https:\/\/blog.holyart.it\/fr\/wp-json\/wp\/v2\/users\/1"}],"replies":[{"embeddable":true,"href":"https:\/\/blog.holyart.it\/fr\/wp-json\/wp\/v2\/comments?post=10590"}],"version-history":[{"count":3,"href":"https:\/\/blog.holyart.it\/fr\/wp-json\/wp\/v2\/pages\/10590\/revisions"}],"predecessor-version":[{"id":10815,"href":"https:\/\/blog.holyart.it\/fr\/wp-json\/wp\/v2\/pages\/10590\/revisions\/10815"}],"wp:attachment":[{"href":"https:\/\/blog.holyart.it\/fr\/wp-json\/wp\/v2\/media?parent=10590"}],"curies":[{"name":"wp","href":"https:\/\/api.w.org\/{rel}","templated":true}]}}