{"id":10777,"date":"2025-06-19T11:22:19","date_gmt":"2025-06-19T09:22:19","guid":{"rendered":"https:\/\/blog.holyart.it\/es\/?page_id=10777"},"modified":"2025-08-08T15:44:56","modified_gmt":"2025-08-08T13:44:56","slug":"privacy-policy","status":"publish","type":"page","link":"https:\/\/blog.holyart.it\/es\/privacy-policy\/","title":{"rendered":"Privacy Policy"},"content":{"rendered":"<p><b>El Responsable del tratamiento<\/b><span style=\"font-weight: 400;\"> de este sitio web es<\/span><span style=\"font-weight: 400;\"><br \/>\n<\/span><span style=\"font-weight: 400;\"> Pulcranet S.r.l. (NIF 03094930363), Via Martiniana 325\/B, 41126, M\u00f3dena, con DPO (Responsable de la Protecci\u00f3n de Datos) contactable en la siguiente direcci\u00f3n de correo electr\u00f3nico: <a href=\"mailto:dpo@holyart.it\">dpo@holyart.it<\/a><\/span><span style=\"font-weight: 400;\"><br \/>\n<\/span><span style=\"font-weight: 400;\"> La empresa proporciona esta informaci\u00f3n conforme a los art\u00edculos 12 y 13 del nuevo Reglamento UE 2016\/679 (conocido como \u201cGDPR\u201d), y del Decreto Legislativo 101\/2018, describiendo los m\u00e9todos de tratamiento de los datos personales de los usuarios que consultan este sitio web accesible telem\u00e1ticamente en la direcci\u00f3n:<\/span><span style=\"font-weight: 400;\"><br \/>\n<\/span><a href=\"https:\/\/www.holyart.it\/blog\/\"> <span style=\"font-weight: 400;\">https:\/\/www.holyart.es\/blog\/<\/span><\/a><span style=\"font-weight: 400;\"> (o en todo caso correspondiente a la p\u00e1gina de inicio del Blog).<\/span><span style=\"font-weight: 400;\"><br \/>\n<\/span><span style=\"font-weight: 400;\"> Con respecto a la pol\u00edtica de privacidad del comercio electr\u00f3nico accesible desde el Blog, se remite a la pol\u00edtica disponible en el siguiente enlace:<\/span><a href=\"https:\/\/www.holyart.it\/it\/privacy-policy\"> <span style=\"font-weight: 400;\">https:\/\/www.holyart.es\/privacy-policy<\/span><span style=\"font-weight: 400;\"><br \/>\n<\/span><\/a><span style=\"font-weight: 400;\"> La presente pol\u00edtica se aplica exclusivamente al sitio mencionado y no a otros sitios web que puedan ser consultados por el usuario mediante enlaces presentes en el sitio.<\/span><\/p>\n<p><b>Tipos de datos tratados.<\/b><b><br \/>\n<\/b><span style=\"font-weight: 400;\"> i) Datos personales y de contacto (Nombre y apellidos, direcci\u00f3n de correo electr\u00f3nico, n\u00famero de tel\u00e9fono);<\/span><span style=\"font-weight: 400;\"><br \/>\n<\/span><span style=\"font-weight: 400;\"> ii) Datos de navegaci\u00f3n, direcci\u00f3n IP y navegaci\u00f3n en el sitio, preferencias declaradas (categor\u00edas de productos preferidos, incluidos datos que pertenecen a categor\u00edas especiales de datos personales seg\u00fan lo indicado en el art. 9 GDPR, como los datos relacionados indirectamente con creencias religiosas).<\/span><\/p>\n<p><b>Categor\u00edas de interesados.<\/b><b><br \/>\n<\/b><span style=\"font-weight: 400;\"> Usuarios del blog.<\/span><\/p>\n<p><b>Naturaleza del tratamiento.<\/b><b><br \/>\n<\/b><span style=\"font-weight: 400;\"> La recogida, el registro, la organizaci\u00f3n, la estructuraci\u00f3n, la conservaci\u00f3n, la adaptaci\u00f3n o modificaci\u00f3n, la extracci\u00f3n, la consulta, el uso, la comunicaci\u00f3n mediante transmisi\u00f3n, la comparaci\u00f3n o interconexi\u00f3n, la limitaci\u00f3n, la supresi\u00f3n o destrucci\u00f3n.<\/span><\/p>\n<p><b>Finalidad del tratamiento de los datos recogidos.<\/b><b><br \/>\n<\/b><span style=\"font-weight: 400;\"> Los datos del usuario se recogen para permitir al Responsable proporcionar sus servicios, as\u00ed como para las siguientes finalidades: Aplicaciones sociales, Interacci\u00f3n con redes sociales y plataformas externas, Publicidad, Estad\u00edsticas, Gesti\u00f3n de direcciones y env\u00edo de correos electr\u00f3nicos, Afiliaci\u00f3n comercial, Gesti\u00f3n de feeds RSS, Contacto con el usuario, Gesti\u00f3n de pagos, Monitorizaci\u00f3n de la infraestructura, visualizaci\u00f3n de contenidos de plataformas externas y comentarios de contenido.<\/span><\/p>\n<p><b>Base jur\u00eddica.<\/b><b><br \/>\n<\/b><span style=\"font-weight: 400;\"> El tratamiento se realiza sobre la base de las condiciones de licitud previstas en el art. 6 del GDPR, en relaci\u00f3n con la relaci\u00f3n establecida con el Responsable. Por tanto, la base jur\u00eddica respecto al tipo de datos mencionados en el punto (i) anterior, como exige el art. 13 letra c) del GDPR, se justifica por las razones que originan la relaci\u00f3n con el Responsable, y en este caso en relaci\u00f3n con la navegaci\u00f3n en el presente sitio y\/o la cumplimentaci\u00f3n por su parte del formulario de contacto correspondiente y de la informaci\u00f3n o servicios solicitados, con base jur\u00eddica:<\/span><span style=\"font-weight: 400;\"><br \/>\n<\/span><span style=\"font-weight: 400;\"> a) consentimiento del interesado (art. 6, apartado 1, letra a) GDPR) (marketing, perfilado mediante cookies);<\/span><span style=\"font-weight: 400;\"><br \/>\n<\/span><span style=\"font-weight: 400;\"> b) ejecuci\u00f3n del contrato (art. 6, apartado 1, letra b) GDPR) (compra);<\/span><span style=\"font-weight: 400;\"><br \/>\n<\/span><span style=\"font-weight: 400;\"> c) cumplimiento de una obligaci\u00f3n legal a la que est\u00e9 sujeto el responsable del tratamiento (art. 6, apartado 1, letra c) GDPR) (por ejemplo, facturaci\u00f3n);<\/span><span style=\"font-weight: 400;\"><br \/>\n<\/span><span style=\"font-weight: 400;\"> d) inter\u00e9s leg\u00edtimo del responsable (art. 6, apartado 1, letra f) GDPR) (soft-spam y\/o protecci\u00f3n de la plataforma y del responsable).<\/span><\/p>\n<p><b>Modalidades del tratamiento.<\/b><b><br \/>\n<\/b><span style=\"font-weight: 400;\"> El tratamiento de los datos se realizar\u00e1 en formato papel y\/o electr\u00f3nico por sujetos espec\u00edficamente autorizados para ello. Asimismo, se especifica que no se realiza ning\u00fan tratamiento basado en procesos de decisiones automatizadas. El suministro de datos es opcional; sin embargo, la falta de suministro puede imposibilitar la prestaci\u00f3n del servicio. Algunos datos de navegaci\u00f3n necesarios (v\u00e9ase nuestra pol\u00edtica de cookies) se adquieren autom\u00e1ticamente por el sistema. El tratamiento de los datos proporcionados al Responsable incluir\u00e1: la gesti\u00f3n, organizaci\u00f3n, uso, conservaci\u00f3n, creaci\u00f3n de bases de datos, tratamiento en todo el territorio de la UE y fuera de la UE (pa\u00edses incluidos en los casos del art. 45 y 46 GDPR), realizaci\u00f3n de estad\u00edsticas, comunicaci\u00f3n a los socios con los que se desarrollen iniciativas \u2013 sujetos que ser\u00e1n nombrados encargados externos conforme al art. 28 GDPR, corresponsables o responsables independientes si se les comunican datos personales. El tratamiento tambi\u00e9n incluir\u00e1 la comunicaci\u00f3n de futuras iniciativas y el env\u00edo de material promocional.<\/span><\/p>\n<p><b>Derechos de los interesados.<\/b><b><br \/>\n<\/b><span style=\"font-weight: 400;\"> El Responsable informa adem\u00e1s que se garantizan los derechos de rectificaci\u00f3n conforme al art. 16 GDPR, el derecho al olvido conforme al art. 17 GDPR, el derecho a la limitaci\u00f3n del tratamiento conforme al art. 18 GDPR, as\u00ed como el derecho de acceso a los datos personales proporcionados y a toda la informaci\u00f3n consecuente seg\u00fan lo indicado en el art. 15 GDPR. Los interesados tambi\u00e9n tienen derecho a:<\/span><\/p>\n<ol>\n<li style=\"font-weight: 400;\" aria-level=\"1\"><span style=\"font-weight: 400;\">Solicitar al responsable del tratamiento el acceso a sus datos personales, as\u00ed como su rectificaci\u00f3n o supresi\u00f3n o la limitaci\u00f3n de su tratamiento;<\/span><span style=\"font-weight: 400;\">\n<p><\/span><\/li>\n<li style=\"font-weight: 400;\" aria-level=\"1\"><span style=\"font-weight: 400;\">Oponerse al tratamiento;<\/span><span style=\"font-weight: 400;\">\n<p><\/span><\/li>\n<li style=\"font-weight: 400;\" aria-level=\"1\"><span style=\"font-weight: 400;\">A la portabilidad de los datos seg\u00fan el art. 20 GDPR;<\/span><span style=\"font-weight: 400;\">\n<p><\/span><\/li>\n<li style=\"font-weight: 400;\" aria-level=\"1\"><span style=\"font-weight: 400;\">En caso de que el tratamiento se base en el art\u00edculo 6, apartado 1, letra a), o en el art\u00edculo 9, apartado 2, letra a), a retirar el consentimiento en cualquier momento sin perjuicio de la licitud del tratamiento basada en el consentimiento previo;<\/span><span style=\"font-weight: 400;\">\n<p><\/span><\/li>\n<li style=\"font-weight: 400;\" aria-level=\"1\"><span style=\"font-weight: 400;\">Presentar una reclamaci\u00f3n ante una autoridad de control.<\/span><span style=\"font-weight: 400;\">\n<p><\/span><\/li>\n<\/ol>\n<p><span style=\"font-weight: 400;\">Para ejercer los derechos mencionados o para obtener m\u00e1s informaci\u00f3n, ser\u00e1 suficiente enviar un correo electr\u00f3nico a la siguiente direcci\u00f3n: <a href=\"mailto:info@holyart.it\">info@holyart.it<\/a> indicando en el asunto: \u201cejercicio de derechos conforme al GDPR\u201d e incluyendo en el cuerpo del mensaje el derecho que se desea ejercer, as\u00ed como nombre, apellidos y direcci\u00f3n de correo electr\u00f3nico donde desea recibir la respuesta del Responsable. Una vez tramitada la solicitud, el Responsable enviar\u00e1 la respuesta dentro del plazo establecido en el art. 12 GDPR.<\/span><\/p>\n<p><span style=\"font-weight: 400;\">En determinadas situaciones, el Responsable adopta pol\u00edticas de privacidad espec\u00edficas con los correspondientes consentimientos, a fin de permitir el tratamiento de los datos. Adem\u00e1s, el Responsable informa que, si pretendiera tratar ulteriormente los datos personales para fines distintos de aquellos para los que fueron recogidos, antes de dicho tratamiento adicional proporcionar\u00e1 al interesado informaci\u00f3n sobre dicha nueva finalidad y toda la informaci\u00f3n adicional pertinente, obteniendo en el caso espec\u00edfico el consentimiento correspondiente.<\/span><\/p>\n<p><b>Conservaci\u00f3n de los datos.<\/b><b><br \/>\n<\/b><span style=\"font-weight: 400;\"> Los datos personales se conservar\u00e1n durante el tiempo necesario para cumplir las finalidades para las que fueron recogidos. El per\u00edodo de conservaci\u00f3n depende de las finalidades del tratamiento y, por tanto, puede variar, es decir, durante todo el tiempo en que el interesado sea cliente y durante los 5 a\u00f1os posteriores, salvo solicitud de consentimiento expl\u00edcito para prolongar la retenci\u00f3n. Los datos personales necesarios para cumplir con obligaciones civiles y fiscales se conservar\u00e1n tambi\u00e9n posteriormente, en cumplimiento de dichas obligaciones y conforme a los plazos previstos por la normativa aplicable, as\u00ed como para la posible defensa jur\u00eddica del responsable.<\/span><\/p>\n<p><b>Cookies<\/b><b><br \/>\n<\/b><span style=\"font-weight: 400;\"> Una cookie es un peque\u00f1o archivo de texto que un sitio web almacena en el disco duro del dispositivo del usuario. Las cookies identifican de forma \u00fanica el navegador del usuario. Las cookies no da\u00f1an el ordenador ni contienen virus. Su funci\u00f3n es facilitar el an\u00e1lisis del tr\u00e1fico en la Web o se\u00f1alar cu\u00e1ndo se ha visitado un sitio espec\u00edfico, permitiendo que las aplicaciones web env\u00eden informaci\u00f3n a usuarios concretos.<\/span><span style=\"font-weight: 400;\"><br \/>\n<\/span><span style=\"font-weight: 400;\"> Solo el usuario puede decidir eliminar manualmente las cookies de su dispositivo o configurar su eliminaci\u00f3n autom\u00e1tica al cerrar el navegador.<\/span><span style=\"font-weight: 400;\"><br \/>\n<\/span><span style=\"font-weight: 400;\"> Para m\u00e1s informaci\u00f3n, le recomendamos consultar nuestra pol\u00edtica de cookies.<\/span><\/p>\n<p><b>Env\u00edo de newsletters y marketing.<\/b><b><br \/>\n<\/b><span style=\"font-weight: 400;\"> Durante el per\u00edodo de conservaci\u00f3n de los datos, el Responsable se reserva el derecho, en base a su inter\u00e9s leg\u00edtimo como base legal del tratamiento, de enviar ofertas comerciales (soft marketing), o comunicaciones de marketing no soft si se ha otorgado consentimiento.<\/span><\/p>\n<p><b>Derechos de autor<\/b><b><br \/>\n<\/b><span style=\"font-weight: 400;\"> Todos los contenidos de este sitio est\u00e1n protegidos por la legislaci\u00f3n sobre derechos de autor y propiedad intelectual. Queda prohibida su reproducci\u00f3n, incluso parcial, en cualquier forma. El Responsable no concede ninguna licencia sobre derechos de autor, patentes u otros derechos de propiedad intelectual.<\/span><\/p>\n<p><b>Responsabilidad<\/b><b><br \/>\n<\/b><span style=\"font-weight: 400;\"> El material y la informaci\u00f3n del sitio est\u00e1n sujetos a cambios o actualizaciones por parte del Responsable sin previo aviso.<\/span><\/p>\n<p><b>Aplicaci\u00f3n de la normativa<\/b><b><br \/>\n<\/b><span style=\"font-weight: 400;\"> El Responsable actualiza peri\u00f3dicamente esta pol\u00edtica y, en general, su cumplimiento de las normas de privacidad, adecu\u00e1ndose a las nuevas disposiciones emitidas. Para cualquier pregunta o duda sobre esta pol\u00edtica de privacidad, puede contactarnos en cualquier momento escribiendo a: <a href=\"mailto:info@holyart.it\">info@holyart.it<\/a><\/span><\/p>\n<p><b>Reclamaciones<\/b><b><br \/>\n<\/b><span style=\"font-weight: 400;\"> Responderemos a los usuarios que env\u00eden preguntas y\/o reclamaciones formales por escrito a esta direcci\u00f3n: <a href=\"mailto:info@holyart.it\">info@holyart.it<\/a> para investigar el problema se\u00f1alado. Nos comprometemos a colaborar con las autoridades competentes para resolver cualquier reclamaci\u00f3n relativa al tratamiento de datos personales que no pueda resolverse directamente entre el Responsable y los interesados.<\/span><\/p>\n","protected":false},"excerpt":{"rendered":"<p>El Responsable del tratamiento de este sitio web es Pulcranet S.r.l. (NIF 03094930363), Via Martiniana 325\/B, 41126, M\u00f3dena, con DPO (Responsable de la Protecci\u00f3n de Datos) contactable en la siguiente direcci\u00f3n de correo electr\u00f3nico: dpo@holyart.it La empresa proporciona esta informaci\u00f3n conforme a los art\u00edculos 12&hellip;<\/p>\n","protected":false},"author":1,"featured_media":0,"parent":0,"menu_order":0,"comment_status":"closed","ping_status":"closed","template":"","meta":{"_acf_changed":false,"footnotes":""},"class_list":["post-10777","page","type-page","status-publish","hentry"],"acf":[],"yoast_head":"<!-- This site is optimized with the Yoast SEO plugin v26.6 - https:\/\/yoast.com\/wordpress\/plugins\/seo\/ -->\n<title>Privacy Policy - Holyart.es Blog<\/title>\n<meta name=\"robots\" content=\"index, follow, max-snippet:-1, max-image-preview:large, max-video-preview:-1\" \/>\n<link rel=\"canonical\" href=\"https:\/\/blog.holyart.it\/es\/privacy-policy\/\" \/>\n<meta property=\"og:locale\" content=\"es_ES\" \/>\n<meta property=\"og:type\" content=\"article\" \/>\n<meta property=\"og:title\" content=\"Privacy Policy - Holyart.es Blog\" \/>\n<meta property=\"og:description\" content=\"El Responsable del tratamiento de este sitio web es Pulcranet S.r.l. (NIF 03094930363), Via Martiniana 325\/B, 41126, M\u00f3dena, con DPO (Responsable de la Protecci\u00f3n de Datos) contactable en la siguiente direcci\u00f3n de correo electr\u00f3nico: dpo@holyart.it La empresa proporciona esta informaci\u00f3n conforme a los art\u00edculos 12&hellip;\" \/>\n<meta property=\"og:url\" content=\"https:\/\/blog.holyart.it\/es\/privacy-policy\/\" \/>\n<meta property=\"og:site_name\" content=\"Holyart.es Blog\" \/>\n<meta property=\"article:modified_time\" content=\"2025-08-08T13:44:56+00:00\" \/>\n<meta name=\"twitter:card\" content=\"summary_large_image\" \/>\n<meta name=\"twitter:label1\" content=\"Tiempo de lectura\" \/>\n\t<meta name=\"twitter:data1\" content=\"7 minutos\" \/>\n<script type=\"application\/ld+json\" class=\"yoast-schema-graph\">{\"@context\":\"https:\/\/schema.org\",\"@graph\":[{\"@type\":\"WebPage\",\"@id\":\"https:\/\/blog.holyart.it\/es\/privacy-policy\/\",\"url\":\"https:\/\/blog.holyart.it\/es\/privacy-policy\/\",\"name\":\"Privacy Policy - Holyart.es Blog\",\"isPartOf\":{\"@id\":\"https:\/\/blog.holyart.it\/es\/#website\"},\"datePublished\":\"2025-06-19T09:22:19+00:00\",\"dateModified\":\"2025-08-08T13:44:56+00:00\",\"breadcrumb\":{\"@id\":\"https:\/\/blog.holyart.it\/es\/privacy-policy\/#breadcrumb\"},\"inLanguage\":\"es\",\"potentialAction\":[{\"@type\":\"ReadAction\",\"target\":[\"https:\/\/blog.holyart.it\/es\/privacy-policy\/\"]}]},{\"@type\":\"BreadcrumbList\",\"@id\":\"https:\/\/blog.holyart.it\/es\/privacy-policy\/#breadcrumb\",\"itemListElement\":[{\"@type\":\"ListItem\",\"position\":1,\"name\":\"Homepage\",\"item\":\"https:\/\/blog.holyart.it\/es\/\"},{\"@type\":\"ListItem\",\"position\":2,\"name\":\"Privacy Policy\"}]},{\"@type\":\"WebSite\",\"@id\":\"https:\/\/blog.holyart.it\/es\/#website\",\"url\":\"https:\/\/blog.holyart.it\/es\/\",\"name\":\"Holyart.es Blog\",\"description\":\"Holyblog\",\"publisher\":{\"@id\":\"https:\/\/blog.holyart.it\/es\/#organization\"},\"potentialAction\":[{\"@type\":\"SearchAction\",\"target\":{\"@type\":\"EntryPoint\",\"urlTemplate\":\"https:\/\/blog.holyart.it\/es\/?s={search_term_string}\"},\"query-input\":{\"@type\":\"PropertyValueSpecification\",\"valueRequired\":true,\"valueName\":\"search_term_string\"}}],\"inLanguage\":\"es\"},{\"@type\":\"Organization\",\"@id\":\"https:\/\/blog.holyart.it\/es\/#organization\",\"name\":\"Holyart.es Blog\",\"url\":\"https:\/\/blog.holyart.it\/es\/\",\"logo\":{\"@type\":\"ImageObject\",\"inLanguage\":\"es\",\"@id\":\"https:\/\/blog.holyart.it\/es\/#\/schema\/logo\/image\/\",\"url\":\"https:\/\/blog.holyart.it\/es\/wp-content\/uploads\/sites\/13\/2022\/12\/Holyart_Blog_Logo.jpg\",\"contentUrl\":\"https:\/\/blog.holyart.it\/es\/wp-content\/uploads\/sites\/13\/2022\/12\/Holyart_Blog_Logo.jpg\",\"width\":300,\"height\":50,\"caption\":\"Holyart.es Blog\"},\"image\":{\"@id\":\"https:\/\/blog.holyart.it\/es\/#\/schema\/logo\/image\/\"}}]}<\/script>\n<!-- \/ Yoast SEO plugin. -->","yoast_head_json":{"title":"Privacy Policy - Holyart.es Blog","robots":{"index":"index","follow":"follow","max-snippet":"max-snippet:-1","max-image-preview":"max-image-preview:large","max-video-preview":"max-video-preview:-1"},"canonical":"https:\/\/blog.holyart.it\/es\/privacy-policy\/","og_locale":"es_ES","og_type":"article","og_title":"Privacy Policy - Holyart.es Blog","og_description":"El Responsable del tratamiento de este sitio web es Pulcranet S.r.l. (NIF 03094930363), Via Martiniana 325\/B, 41126, M\u00f3dena, con DPO (Responsable de la Protecci\u00f3n de Datos) contactable en la siguiente direcci\u00f3n de correo electr\u00f3nico: dpo@holyart.it La empresa proporciona esta informaci\u00f3n conforme a los art\u00edculos 12&hellip;","og_url":"https:\/\/blog.holyart.it\/es\/privacy-policy\/","og_site_name":"Holyart.es Blog","article_modified_time":"2025-08-08T13:44:56+00:00","twitter_card":"summary_large_image","twitter_misc":{"Tiempo de lectura":"7 minutos"},"schema":{"@context":"https:\/\/schema.org","@graph":[{"@type":"WebPage","@id":"https:\/\/blog.holyart.it\/es\/privacy-policy\/","url":"https:\/\/blog.holyart.it\/es\/privacy-policy\/","name":"Privacy Policy - Holyart.es Blog","isPartOf":{"@id":"https:\/\/blog.holyart.it\/es\/#website"},"datePublished":"2025-06-19T09:22:19+00:00","dateModified":"2025-08-08T13:44:56+00:00","breadcrumb":{"@id":"https:\/\/blog.holyart.it\/es\/privacy-policy\/#breadcrumb"},"inLanguage":"es","potentialAction":[{"@type":"ReadAction","target":["https:\/\/blog.holyart.it\/es\/privacy-policy\/"]}]},{"@type":"BreadcrumbList","@id":"https:\/\/blog.holyart.it\/es\/privacy-policy\/#breadcrumb","itemListElement":[{"@type":"ListItem","position":1,"name":"Homepage","item":"https:\/\/blog.holyart.it\/es\/"},{"@type":"ListItem","position":2,"name":"Privacy Policy"}]},{"@type":"WebSite","@id":"https:\/\/blog.holyart.it\/es\/#website","url":"https:\/\/blog.holyart.it\/es\/","name":"Holyart.es Blog","description":"Holyblog","publisher":{"@id":"https:\/\/blog.holyart.it\/es\/#organization"},"potentialAction":[{"@type":"SearchAction","target":{"@type":"EntryPoint","urlTemplate":"https:\/\/blog.holyart.it\/es\/?s={search_term_string}"},"query-input":{"@type":"PropertyValueSpecification","valueRequired":true,"valueName":"search_term_string"}}],"inLanguage":"es"},{"@type":"Organization","@id":"https:\/\/blog.holyart.it\/es\/#organization","name":"Holyart.es Blog","url":"https:\/\/blog.holyart.it\/es\/","logo":{"@type":"ImageObject","inLanguage":"es","@id":"https:\/\/blog.holyart.it\/es\/#\/schema\/logo\/image\/","url":"https:\/\/blog.holyart.it\/es\/wp-content\/uploads\/sites\/13\/2022\/12\/Holyart_Blog_Logo.jpg","contentUrl":"https:\/\/blog.holyart.it\/es\/wp-content\/uploads\/sites\/13\/2022\/12\/Holyart_Blog_Logo.jpg","width":300,"height":50,"caption":"Holyart.es Blog"},"image":{"@id":"https:\/\/blog.holyart.it\/es\/#\/schema\/logo\/image\/"}}]}},"_links":{"self":[{"href":"https:\/\/blog.holyart.it\/es\/wp-json\/wp\/v2\/pages\/10777","targetHints":{"allow":["GET"]}}],"collection":[{"href":"https:\/\/blog.holyart.it\/es\/wp-json\/wp\/v2\/pages"}],"about":[{"href":"https:\/\/blog.holyart.it\/es\/wp-json\/wp\/v2\/types\/page"}],"author":[{"embeddable":true,"href":"https:\/\/blog.holyart.it\/es\/wp-json\/wp\/v2\/users\/1"}],"replies":[{"embeddable":true,"href":"https:\/\/blog.holyart.it\/es\/wp-json\/wp\/v2\/comments?post=10777"}],"version-history":[{"count":1,"href":"https:\/\/blog.holyart.it\/es\/wp-json\/wp\/v2\/pages\/10777\/revisions"}],"predecessor-version":[{"id":10778,"href":"https:\/\/blog.holyart.it\/es\/wp-json\/wp\/v2\/pages\/10777\/revisions\/10778"}],"wp:attachment":[{"href":"https:\/\/blog.holyart.it\/es\/wp-json\/wp\/v2\/media?parent=10777"}],"curies":[{"name":"wp","href":"https:\/\/api.w.org\/{rel}","templated":true}]}}