{"id":6366,"date":"2025-06-19T11:23:07","date_gmt":"2025-06-19T09:23:07","guid":{"rendered":"https:\/\/blog.holyart.it\/de\/?page_id=6366"},"modified":"2025-08-08T15:44:04","modified_gmt":"2025-08-08T13:44:04","slug":"privacy-policy","status":"publish","type":"page","link":"https:\/\/blog.holyart.it\/de\/privacy-policy\/","title":{"rendered":"Privacy Policy"},"content":{"rendered":"<p><b>Der Verantwortliche f\u00fcr die Datenverarbeitung<\/b><span style=\"font-weight: 400;\"> dieser Website ist<\/span><span style=\"font-weight: 400;\"><br \/>\n<\/span><span style=\"font-weight: 400;\"> Pulcranet S.r.l. (USt-IdNr.<\/span><span style=\"font-weight: 400;\"> IT<\/span><span style=\"font-weight: 400;\">03094930363), Via Martiniana 325\/B, 41126 Modena, Italien. Der Datenschutzbeauftragte (DPO \u2013 Data Protection Officer) ist unter folgender E-Mail-Adresse erreichbar: <a href=\"mailto:dpo@holyart.it\">dpo@holyart.it<\/a><\/span><span style=\"font-weight: 400;\"><br \/>\n<\/span><span style=\"font-weight: 400;\"> Das Unternehmen stellt gem\u00e4\u00df den Artikeln 12 und 13 der EU-Verordnung 2016\/679 (genannt \u201eDSGVO\u201c) <\/span><span style=\"font-weight: 400;\">sowie des italienischen Gesetzes D.\u202fLgs.\u202f101\/2018<\/span><span style=\"font-weight: 400;\"> diese Datenschutzerkl\u00e4rung zur Verf\u00fcgung. Darin wird beschrieben, wie die personenbezogenen Daten der Nutzer verarbeitet werden, die diese Website aufrufen, welche \u00fcber die folgende Adresse erreichbar ist:<\/span><span style=\"font-weight: 400;\"><br \/>\n<\/span><a href=\"https:\/\/www.holyart.it\/blog\/\"> <span style=\"font-weight: 400;\">https:\/\/www.holyart.de\/blog\/<\/span><\/a><span style=\"font-weight: 400;\"> (oder eine andere URL, die der Startseite des Blogs entspricht).<\/span><span style=\"font-weight: 400;\"><br \/>\n<\/span><span style=\"font-weight: 400;\"> Bez\u00fcglich der Datenschutzerkl\u00e4rung des E-Commerce-Angebots, das vom Blog aus zug\u00e4nglich ist, wird auf die dortige Datenschutzerkl\u00e4rung unter folgendem Link verwiesen:<\/span><a href=\"https:\/\/www.holyart.it\/it\/privacy-policy\"> <span style=\"font-weight: 400;\">https:\/\/www.holyart.de\/privacy-policy<\/span><span style=\"font-weight: 400;\"><br \/>\n<\/span><\/a><span style=\"font-weight: 400;\"> Diese Datenschutzerkl\u00e4rung gilt ausschlie\u00dflich f\u00fcr die genannte Website und nicht f\u00fcr andere Webseiten, die m\u00f6glicherweise \u00fcber Links auf dieser Website aufgerufen werden.<\/span><\/p>\n<p><b>Art der verarbeiteten Daten.<\/b><b><br \/>\n<\/b><span style=\"font-weight: 400;\"> i) Personenbezogene Kontaktinformationen (Vor- und Nachname, E-Mail-Adresse, Telefonnummer);<\/span><span style=\"font-weight: 400;\"><br \/>\n<\/span><span style=\"font-weight: 400;\"> ii) Navigationsdaten, IP-Adresse und <\/span><span style=\"font-weight: 400;\">Website-Nutzung<\/span><span style=\"font-weight: 400;\">, erkl\u00e4rte Pr\u00e4ferenzen (bevorzugte Produktkategorien, einschlie\u00dflich Daten, die unter besondere Kategorien personenbezogener Daten gem\u00e4\u00df Art. 9 DSGVO fallen, wie z.\u202fB. Daten, die indirekt R\u00fcckschl\u00fcsse auf religi\u00f6se \u00dcberzeugungen zulassen).<\/span><\/p>\n<p><b>Betroffene Nutzerkategorien<\/b><b>.<\/b><b><br \/>\n<\/b><span style=\"font-weight: 400;\"> Nutzer des Blogs<\/span><span style=\"font-weight: 400;\">.<\/span><\/p>\n<p><b>Art der Verarbeitung.<\/b><b><br \/>\n<\/b><span style=\"font-weight: 400;\"> Erhebung, Speicherung, Organisation, Strukturierung, Aufbewahrung, Anpassung oder <\/span><span style=\"font-weight: 400;\">\u00c4nderung<\/span><span style=\"font-weight: 400;\">, Abfrage, <\/span><span style=\"font-weight: 400;\">Nutzung<\/span><span style=\"font-weight: 400;\">, \u00dcbermittlung, Abgleich oder Verkn\u00fcpfung, Einschr\u00e4nkung, L\u00f6schung oder Vernichtung.<\/span><\/p>\n<p><b>Zweck der Datenverarbeitung.<\/b><b><br \/>\n<\/b><span style=\"font-weight: 400;\"> Die Daten der Nutzer werden verarbeitet, um die Dienstleistungen des Verantwortlichen zu erbringen, sowie zu folgenden Zwecken: Soziale Anwendungen, Interaktionen mit <\/span><span style=\"font-weight: 400;\">Social Networks<\/span><span style=\"font-weight: 400;\"> und externen Plattformen, Werbung, Statistik, Verwaltung von E-Mail-Adressen und Versand von Nachrichten, Partnerprogramme, Verwaltung von RSS-Feeds, Kontaktaufnahme mit dem Nutzer, Zahlungsabwicklung, Infrastruktur\u00fcberwachung, Anzeige von Inhalten externer Plattformen und Kommentarfunktionen.<\/span><\/p>\n<p><b>Rechtsgrundlage.<\/b><b><br \/>\n<\/b><span style=\"font-weight: 400;\">Die Verarbeitung erfolgt auf Grundlage der Rechtm\u00e4\u00dfigkeitserfordernisse gem\u00e4\u00df Art. 6 DSGVO in Bezug auf das Verh\u00e4ltnis zum Verantwortlichen. Die Rechtsgrundlage f\u00fcr die unter Punkt (i) genannten Daten im Sinne von Art. 13 lit. c) DSGVO ergibt sich aus dem Zweck der Beziehung mit dem Verantwortlichen, insbesondere im Zusammenhang mit dem Besuch der Website und\/oder dem Ausf\u00fcllen eines Kontaktformulars sowie der angeforderten Informationen oder Leistungen. Rechtsgrundlagen:<\/span><span style=\"font-weight: 400;\"><br \/>\n<\/span><span style=\"font-weight: 400;\"> a) Einwilligung der betroffenen Person (Art. 6 Abs. 1 lit. a DSGVO) (Marketing, Profiling mittels Cookies);<\/span><span style=\"font-weight: 400;\"><br \/>\n<\/span><span style=\"font-weight: 400;\"> b) Vertragserf\u00fcllung (Art. 6 Abs. 1 lit. b DSGVO) (z.\u202fB. Kaufabschluss);<\/span><span style=\"font-weight: 400;\"><br \/>\n<\/span><span style=\"font-weight: 400;\"> c) Erf\u00fcllung rechtlicher Verpflichtungen (Art. 6 Abs. 1 lit. c DSGVO) (z.\u202fB. Rechnungsstellung);<\/span><span style=\"font-weight: 400;\"><br \/>\n<\/span><span style=\"font-weight: 400;\"> d) Berechtigtes Interesse des Verantwortlichen (Art. 6 Abs. 1 lit. f DSGVO) (z.\u202fB. Soft-Spam, Plattformschutz).<\/span><\/p>\n<p><b>Verarbeitungsmethoden.<\/b><b><br \/>\n<\/b><span style=\"font-weight: 400;\"> Die Verarbeitung erfolgt in Papierform und\/oder elektronisch durch <\/span><span style=\"font-weight: 400;\">autorisiertes Personal<\/span><span style=\"font-weight: 400;\">. Es findet keine automatisierte Entscheidungsfindung statt. Die Bereitstellung der Daten ist freiwillig, doch kann eine Verweigerung die Erbringung der gew\u00fcnschten Leistung unm\u00f6glich machen. Einige f\u00fcr die Navigation erforderliche Daten (siehe unsere Cookie-Richtlinie) werden automatisch vom System erfasst. Die Verarbeitung durch den Verantwortlichen umfasst: Verwaltung, Organisation, Nutzung, Speicherung, Erstellung von Datenbanken, Verarbeitung innerhalb der EU und in Drittl\u00e4ndern (gem\u00e4\u00df Art. 45 und 46 DSGVO), Erstellung von Statistiken, \u00dcbermittlung an Partner, mit denen Initiativen entwickelt werden \u2013 diese werden als Auftragsverarbeiter gem\u00e4\u00df Art. 28 DSGVO, gemeinsame oder eigenst\u00e4ndige Verantwortliche benannt, wenn ihnen personenbezogene Daten \u00fcbermittelt werden. Die Verarbeitung umfasst zudem Informationen zu zuk\u00fcnftigen Initiativen sowie den Versand von Werbematerial.<\/span><\/p>\n<p><b>Betroffenenrechte<\/b><b>.<\/b><b><br \/>\n<\/b><span style=\"font-weight: 400;\"> Der Verantwortliche weist darauf hin, dass folgende Rechte garantiert sind:<\/span><span style=\"font-weight: 400;\"><br \/>\n<\/span><span style=\"font-weight: 400;\"> Recht auf Berichtigung (Art. 16 DSGVO), Recht auf L\u00f6schung (\u201eRecht auf Vergessenwerden\u201c) (Art. 17 DSGVO), Recht auf Einschr\u00e4nkung der Verarbeitung (Art. 18 DSGVO) sowie das Recht auf Auskunft \u00fcber die verarbeiteten personenbezogenen Daten gem\u00e4\u00df Art. 15 DSGVO. Die betroffenen Personen haben zudem das Recht:<\/span><\/p>\n<ol>\n<li style=\"font-weight: 400;\" aria-level=\"1\"><span style=\"font-weight: 400;\">Vom Verantwortlichen Auskunft, Berichtigung oder L\u00f6schung sowie Einschr\u00e4nkung der Verarbeitung ihrer personenbezogenen Daten zu verlangen;<\/span>&nbsp;<\/li>\n<li style=\"font-weight: 400;\" aria-level=\"1\"><span style=\"font-weight: 400;\">Der Verarbeitung zu widersprechen;<\/span>&nbsp;<\/li>\n<li style=\"font-weight: 400;\" aria-level=\"1\"><span style=\"font-weight: 400;\">Auf Daten\u00fcbertragbarkeit gem\u00e4\u00df Art. 20 DSGVO;<\/span>&nbsp;<\/li>\n<li style=\"font-weight: 400;\" aria-level=\"1\"><span style=\"font-weight: 400;\">Ihre Einwilligung gem\u00e4\u00df Art. 6 Abs. 1 lit. a oder Art. 9 Abs. 2 lit. a DSGVO jederzeit zu widerrufen, ohne die Rechtm\u00e4\u00dfigkeit der bis zum Widerruf erfolgten Verarbeitung zu beeintr\u00e4chtigen;<\/span>&nbsp;<\/li>\n<li style=\"font-weight: 400;\" aria-level=\"1\"><span style=\"font-weight: 400;\">Beschwerde bei einer Aufsichtsbeh\u00f6rde einzureichen.<\/span>&nbsp;<\/li>\n<\/ol>\n<p><span style=\"font-weight: 400;\">Zur Aus\u00fcbung der oben genannten Rechte oder zur Einholung weiterer Informationen gen\u00fcgt es, eine E-Mail an folgende Adresse zu senden: <a href=\"mailto:info@holyart.it\">info@holyart.it<\/a> mit dem Betreff: \u201eAus\u00fcbung der Rechte gem\u00e4\u00df DSGVO\u201c und unter Angabe des gew\u00fcnschten Rechts sowie Name, Nachname und E-Mail-Adresse, an die die Antwort gesendet werden soll. Der Verantwortliche wird nach Pr\u00fcfung der Anfrage innerhalb der in Art. 12 DSGVO festgelegten Fristen antworten.<\/span><\/p>\n<p><span style=\"font-weight: 400;\">In besonderen F\u00e4llen stellt der Verantwortliche spezifische Informationen mit entsprechenden Einwilligungserkl\u00e4rungen bereit, um die Datenverarbeitung zu erm\u00f6glichen. Der Verantwortliche informiert auch dar\u00fcber, dass im Falle einer Weiterverarbeitung f\u00fcr andere als die urspr\u00fcnglichen Zwecke, vorab entsprechende Informationen zur Verf\u00fcgung gestellt und ggf. eine neue Einwilligung eingeholt wird.<\/span><\/p>\n<p><b>Speicherung Ihrer Daten.<\/b><b><br \/>\n<\/b><span style=\"font-weight: 400;\"> Personenbezogene Daten werden so lange gespeichert, wie es f\u00fcr die Erreichung der Zwecke erforderlich ist, zu denen sie erhoben wurden. Die Speicherdauer richtet sich nach dem Verarbeitungszweck und kann daher variieren \u2013 im Allgemeinen w\u00e4hrend der Dauer der Kundenbeziehung und f\u00fcr <\/span><span style=\"font-weight: 400;\">bis zu<\/span><span style=\"font-weight: 400;\"> 5 Jahre danach, sofern keine ausdr\u00fcckliche Einwilligung zur l\u00e4ngeren Speicherung vorliegt. Daten, die zur Erf\u00fcllung zivil- oder steuerrechtlicher Pflichten erforderlich sind, werden gem\u00e4\u00df den gesetzlichen Aufbewahrungsfristen gespeichert, auch zum Zweck der Rechtsverteidigung des Verantwortlichen.<\/span><\/p>\n<p><b>Cookies<\/b><b><br \/>\n<\/b><span style=\"font-weight: 400;\"> Ein Cookie ist eine kleine Textdatei, die von einer Website auf der Festplatte des Ger\u00e4ts des Nutzers gespeichert wird. Cookies identifizieren eindeutig den Browser des Benutzers. Cookies richten keinen Schaden an und enthalten keine Viren. Sie erleichtern die Analyse des Webverkehrs oder zeigen an, wann eine bestimmte Seite besucht wurde. So k\u00f6nnen Webanwendungen Informationen an einzelne Benutzer \u00fcbermitteln.<\/span><span style=\"font-weight: 400;\"><br \/>\n<\/span><span style=\"font-weight: 400;\"> Nur der Nutzer selbst kann Cookies manuell von seinem Ger\u00e4t l\u00f6schen oder deren automatische L\u00f6schung beim Schlie\u00dfen des Browsers einstellen.<\/span><span style=\"font-weight: 400;\"><br \/>\n<\/span><span style=\"font-weight: 400;\"> Weitere Informationen finden Sie in unserer Cookie-Richtlinie.<\/span><\/p>\n<p><b>Newsletter und Marketing.<\/b><b><br \/>\n<\/b><span style=\"font-weight: 400;\"> W\u00e4hrend der Aufbewahrungsfrist der Daten beh\u00e4lt sich der Verantwortliche auf Grundlage seines berechtigten Interesses das Recht vor, dem Nutzer Soft-Marketing-Angebote zu senden oder \u2013 bei erteilter Einwilligung \u2013 auch regul\u00e4re Marketing-Kommunikation zuzusenden.<\/span><\/p>\n<p><b>Urheberrecht<\/b><b><br \/>\n<\/b><span style=\"font-weight: 400;\"> Alle Inhalte dieser Website sind durch das Urheberrecht und geistige Eigentumsrechte gesch\u00fctzt. Jegliche, auch teilweise, Reproduktion in irgendeiner Form ist untersagt. Der Verantwortliche gew\u00e4hrt keinerlei Lizenzen in Bezug auf Urheberrechte, Patente oder andere geistige Eigentumsrechte.<\/span><\/p>\n<p><b>Haftung<\/b><b><br \/>\n<\/b><span style=\"font-weight: 400;\"> Die Inhalte und Informationen dieser Website k\u00f6nnen ohne Vorank\u00fcndigung durch den Verantwortlichen ge\u00e4ndert oder aktualisiert werden.<\/span><\/p>\n<p><b>Rechtsanpassung<\/b><b><br \/>\n<\/b><span style=\"font-weight: 400;\"> Der Verantwortliche aktualisiert regelm\u00e4\u00dfig diese Datenschutzerkl\u00e4rung und seine Datenschutzpraktiken, um sie an neue gesetzliche Bestimmungen anzupassen. Bei Fragen oder Zweifeln zu dieser Datenschutzerkl\u00e4rung k\u00f6nnen Sie uns jederzeit unter <a href=\"mailto:info@holyart.it\">info@holyart.it<\/a> kontaktieren.<\/span><\/p>\n<p><b>Beschwerden<\/b><b><br \/>\n<\/b><span style=\"font-weight: 400;\"> Wir beantworten schriftliche Anfragen und\/oder formelle Beschwerden an folgende Adresse: <a href=\"mailto:info@holyart.it\">info@holyart.it<\/a>, um das gemeldete Problem zu pr\u00fcfen. Wir verpflichten uns, mit den zust\u00e4ndigen Datenschutzbeh\u00f6rden zusammenzuarbeiten, um etwaige Beschwerden \u00fcber die Verarbeitung personenbezogener Daten zu kl\u00e4ren, die nicht direkt zwischen dem Verantwortlichen und den betroffenen Personen gel\u00f6st werden k\u00f6nnen.<\/span><\/p>\n","protected":false},"excerpt":{"rendered":"<p>Der Verantwortliche f\u00fcr die Datenverarbeitung dieser Website ist Pulcranet S.r.l. (USt-IdNr. IT03094930363), Via Martiniana 325\/B, 41126 Modena, Italien. Der Datenschutzbeauftragte (DPO \u2013 Data Protection Officer) ist unter folgender E-Mail-Adresse erreichbar: dpo@holyart.it Das Unternehmen stellt gem\u00e4\u00df den Artikeln 12 und 13 der EU-Verordnung 2016\/679 (genannt \u201eDSGVO\u201c)&hellip;<\/p>\n","protected":false},"author":1,"featured_media":0,"parent":0,"menu_order":0,"comment_status":"closed","ping_status":"closed","template":"","meta":{"_acf_changed":false,"footnotes":""},"class_list":["post-6366","page","type-page","status-publish","hentry"],"acf":[],"yoast_head":"<!-- This site is optimized with the Yoast SEO plugin v26.6 - https:\/\/yoast.com\/wordpress\/plugins\/seo\/ -->\n<title>Privacy Policy - Holyart.de Blog<\/title>\n<meta name=\"robots\" content=\"index, follow, max-snippet:-1, max-image-preview:large, max-video-preview:-1\" \/>\n<link rel=\"canonical\" href=\"https:\/\/blog.holyart.it\/de\/privacy-policy\/\" \/>\n<meta property=\"og:locale\" content=\"de_DE\" \/>\n<meta property=\"og:type\" content=\"article\" \/>\n<meta property=\"og:title\" content=\"Privacy Policy - Holyart.de Blog\" \/>\n<meta property=\"og:description\" content=\"Der Verantwortliche f\u00fcr die Datenverarbeitung dieser Website ist Pulcranet S.r.l. (USt-IdNr. IT03094930363), Via Martiniana 325\/B, 41126 Modena, Italien. Der Datenschutzbeauftragte (DPO \u2013 Data Protection Officer) ist unter folgender E-Mail-Adresse erreichbar: dpo@holyart.it Das Unternehmen stellt gem\u00e4\u00df den Artikeln 12 und 13 der EU-Verordnung 2016\/679 (genannt \u201eDSGVO\u201c)&hellip;\" \/>\n<meta property=\"og:url\" content=\"https:\/\/blog.holyart.it\/de\/privacy-policy\/\" \/>\n<meta property=\"og:site_name\" content=\"Holyart.de Blog\" \/>\n<meta property=\"article:modified_time\" content=\"2025-08-08T13:44:04+00:00\" \/>\n<meta name=\"twitter:card\" content=\"summary_large_image\" \/>\n<meta name=\"twitter:label1\" content=\"Gesch\u00e4tzte Lesezeit\" \/>\n\t<meta name=\"twitter:data1\" content=\"6\u00a0Minuten\" \/>\n<script type=\"application\/ld+json\" class=\"yoast-schema-graph\">{\"@context\":\"https:\/\/schema.org\",\"@graph\":[{\"@type\":\"WebPage\",\"@id\":\"https:\/\/blog.holyart.it\/de\/privacy-policy\/\",\"url\":\"https:\/\/blog.holyart.it\/de\/privacy-policy\/\",\"name\":\"Privacy Policy - Holyart.de Blog\",\"isPartOf\":{\"@id\":\"https:\/\/blog.holyart.it\/de\/#website\"},\"datePublished\":\"2025-06-19T09:23:07+00:00\",\"dateModified\":\"2025-08-08T13:44:04+00:00\",\"breadcrumb\":{\"@id\":\"https:\/\/blog.holyart.it\/de\/privacy-policy\/#breadcrumb\"},\"inLanguage\":\"de\",\"potentialAction\":[{\"@type\":\"ReadAction\",\"target\":[\"https:\/\/blog.holyart.it\/de\/privacy-policy\/\"]}]},{\"@type\":\"BreadcrumbList\",\"@id\":\"https:\/\/blog.holyart.it\/de\/privacy-policy\/#breadcrumb\",\"itemListElement\":[{\"@type\":\"ListItem\",\"position\":1,\"name\":\"Homepage\",\"item\":\"https:\/\/blog.holyart.it\/de\/\"},{\"@type\":\"ListItem\",\"position\":2,\"name\":\"Privacy Policy\"}]},{\"@type\":\"WebSite\",\"@id\":\"https:\/\/blog.holyart.it\/de\/#website\",\"url\":\"https:\/\/blog.holyart.it\/de\/\",\"name\":\"Holyart.de Blog\",\"description\":\"Holyblog\",\"publisher\":{\"@id\":\"https:\/\/blog.holyart.it\/de\/#organization\"},\"potentialAction\":[{\"@type\":\"SearchAction\",\"target\":{\"@type\":\"EntryPoint\",\"urlTemplate\":\"https:\/\/blog.holyart.it\/de\/?s={search_term_string}\"},\"query-input\":{\"@type\":\"PropertyValueSpecification\",\"valueRequired\":true,\"valueName\":\"search_term_string\"}}],\"inLanguage\":\"de\"},{\"@type\":\"Organization\",\"@id\":\"https:\/\/blog.holyart.it\/de\/#organization\",\"name\":\"Holyart.de Blog\",\"url\":\"https:\/\/blog.holyart.it\/de\/\",\"logo\":{\"@type\":\"ImageObject\",\"inLanguage\":\"de\",\"@id\":\"https:\/\/blog.holyart.it\/de\/#\/schema\/logo\/image\/\",\"url\":\"https:\/\/blog.holyart.it\/de\/wp-content\/uploads\/sites\/12\/2022\/12\/Holyart_Blog_Logo.jpg\",\"contentUrl\":\"https:\/\/blog.holyart.it\/de\/wp-content\/uploads\/sites\/12\/2022\/12\/Holyart_Blog_Logo.jpg\",\"width\":300,\"height\":50,\"caption\":\"Holyart.de Blog\"},\"image\":{\"@id\":\"https:\/\/blog.holyart.it\/de\/#\/schema\/logo\/image\/\"}}]}<\/script>\n<!-- \/ Yoast SEO plugin. -->","yoast_head_json":{"title":"Privacy Policy - Holyart.de Blog","robots":{"index":"index","follow":"follow","max-snippet":"max-snippet:-1","max-image-preview":"max-image-preview:large","max-video-preview":"max-video-preview:-1"},"canonical":"https:\/\/blog.holyart.it\/de\/privacy-policy\/","og_locale":"de_DE","og_type":"article","og_title":"Privacy Policy - Holyart.de Blog","og_description":"Der Verantwortliche f\u00fcr die Datenverarbeitung dieser Website ist Pulcranet S.r.l. (USt-IdNr. IT03094930363), Via Martiniana 325\/B, 41126 Modena, Italien. Der Datenschutzbeauftragte (DPO \u2013 Data Protection Officer) ist unter folgender E-Mail-Adresse erreichbar: dpo@holyart.it Das Unternehmen stellt gem\u00e4\u00df den Artikeln 12 und 13 der EU-Verordnung 2016\/679 (genannt \u201eDSGVO\u201c)&hellip;","og_url":"https:\/\/blog.holyart.it\/de\/privacy-policy\/","og_site_name":"Holyart.de Blog","article_modified_time":"2025-08-08T13:44:04+00:00","twitter_card":"summary_large_image","twitter_misc":{"Gesch\u00e4tzte Lesezeit":"6\u00a0Minuten"},"schema":{"@context":"https:\/\/schema.org","@graph":[{"@type":"WebPage","@id":"https:\/\/blog.holyart.it\/de\/privacy-policy\/","url":"https:\/\/blog.holyart.it\/de\/privacy-policy\/","name":"Privacy Policy - Holyart.de Blog","isPartOf":{"@id":"https:\/\/blog.holyart.it\/de\/#website"},"datePublished":"2025-06-19T09:23:07+00:00","dateModified":"2025-08-08T13:44:04+00:00","breadcrumb":{"@id":"https:\/\/blog.holyart.it\/de\/privacy-policy\/#breadcrumb"},"inLanguage":"de","potentialAction":[{"@type":"ReadAction","target":["https:\/\/blog.holyart.it\/de\/privacy-policy\/"]}]},{"@type":"BreadcrumbList","@id":"https:\/\/blog.holyart.it\/de\/privacy-policy\/#breadcrumb","itemListElement":[{"@type":"ListItem","position":1,"name":"Homepage","item":"https:\/\/blog.holyart.it\/de\/"},{"@type":"ListItem","position":2,"name":"Privacy Policy"}]},{"@type":"WebSite","@id":"https:\/\/blog.holyart.it\/de\/#website","url":"https:\/\/blog.holyart.it\/de\/","name":"Holyart.de Blog","description":"Holyblog","publisher":{"@id":"https:\/\/blog.holyart.it\/de\/#organization"},"potentialAction":[{"@type":"SearchAction","target":{"@type":"EntryPoint","urlTemplate":"https:\/\/blog.holyart.it\/de\/?s={search_term_string}"},"query-input":{"@type":"PropertyValueSpecification","valueRequired":true,"valueName":"search_term_string"}}],"inLanguage":"de"},{"@type":"Organization","@id":"https:\/\/blog.holyart.it\/de\/#organization","name":"Holyart.de Blog","url":"https:\/\/blog.holyart.it\/de\/","logo":{"@type":"ImageObject","inLanguage":"de","@id":"https:\/\/blog.holyart.it\/de\/#\/schema\/logo\/image\/","url":"https:\/\/blog.holyart.it\/de\/wp-content\/uploads\/sites\/12\/2022\/12\/Holyart_Blog_Logo.jpg","contentUrl":"https:\/\/blog.holyart.it\/de\/wp-content\/uploads\/sites\/12\/2022\/12\/Holyart_Blog_Logo.jpg","width":300,"height":50,"caption":"Holyart.de Blog"},"image":{"@id":"https:\/\/blog.holyart.it\/de\/#\/schema\/logo\/image\/"}}]}},"_links":{"self":[{"href":"https:\/\/blog.holyart.it\/de\/wp-json\/wp\/v2\/pages\/6366","targetHints":{"allow":["GET"]}}],"collection":[{"href":"https:\/\/blog.holyart.it\/de\/wp-json\/wp\/v2\/pages"}],"about":[{"href":"https:\/\/blog.holyart.it\/de\/wp-json\/wp\/v2\/types\/page"}],"author":[{"embeddable":true,"href":"https:\/\/blog.holyart.it\/de\/wp-json\/wp\/v2\/users\/1"}],"replies":[{"embeddable":true,"href":"https:\/\/blog.holyart.it\/de\/wp-json\/wp\/v2\/comments?post=6366"}],"version-history":[{"count":5,"href":"https:\/\/blog.holyart.it\/de\/wp-json\/wp\/v2\/pages\/6366\/revisions"}],"predecessor-version":[{"id":6617,"href":"https:\/\/blog.holyart.it\/de\/wp-json\/wp\/v2\/pages\/6366\/revisions\/6617"}],"wp:attachment":[{"href":"https:\/\/blog.holyart.it\/de\/wp-json\/wp\/v2\/media?parent=6366"}],"curies":[{"name":"wp","href":"https:\/\/api.w.org\/{rel}","templated":true}]}}